{"id":1217,"date":"2023-05-17T13:26:50","date_gmt":"2023-05-17T16:26:50","guid":{"rendered":"https:\/\/brasillike.com.br\/cambuquira\/?page_id=1217"},"modified":"2026-02-18T16:09:08","modified_gmt":"2026-02-18T19:09:08","slug":"omnichannel","status":"publish","type":"page","link":"https:\/\/brasillike.com.br\/cambuquira\/omnichannel\/","title":{"rendered":"Omnichannel"},"content":{"rendered":"<section class=\"wpb-content-wrapper\"><p>[vc_row css_animation=&#8221;&#8221; row_type=&#8221;row&#8221; use_row_as_full_screen_section=&#8221;no&#8221; type=&#8221;full_width&#8221; angled_section=&#8221;no&#8221; text_align=&#8221;left&#8221; background_image_as_pattern=&#8221;without_pattern&#8221;][vc_column css=&#8221;.vc_custom_1771441419058{margin-top: -32px !important;}&#8221; offset=&#8221;vc_hidden-sm vc_hidden-xs&#8221;][vc_raw_html]JTNDdmlkZW8lMjBhdXRvcGxheSUzRCUyMnRydWUlMjIlMjBsb29wJTNEJTIydHJ1ZSUyMiUyMG11dGVkJTNEJTIydHJ1ZSUyMiUyMHdpZHRoJTNEJTIyMTAwJTI1JTIyJTIwaGVpZ2h0JTNEJTIyMjUlMjUlMjIlMjBwbGF5c2lubGluZSUzRCUyMiUyMiUzRSUwQSUzQ3NvdXJjZSUyMHNyYyUzRCUyMmh0dHAlM0ElMkYlMkZicmFzaWxsaWtlLmNvbS5iciUyRmNhbXBhbmhhJTJGd3AtY29udGVudCUyRnVwbG9hZHMlMkZzaXRlcyUyRjclMkYyMDI2JTJGMDIlMkYwMl8yNi1CUkFTSUxMSUtFLUJhbm5lckhPTUUtMS5tcDQlMjIlMjB0eXBlJTNEJTIydmlkZW8lMkZtcDQlMjIlM0UlMEElM0MlMkZ2aWRlbyUzRQ==[\/vc_raw_html][\/vc_column][\/vc_row][vc_row css_animation=&#8221;&#8221; row_type=&#8221;row&#8221; use_row_as_full_screen_section=&#8221;no&#8221; type=&#8221;full_width&#8221; angled_section=&#8221;no&#8221; text_align=&#8221;left&#8221; background_image_as_pattern=&#8221;without_pattern&#8221;][vc_column css=&#8221;.vc_custom_1771441432815{margin-top: -32px !important;}&#8221; offset=&#8221;vc_hidden-lg vc_hidden-md&#8221;][vc_raw_html]JTNDdmlkZW8lMjBhdXRvcGxheSUzRCUyMnRydWUlMjIlMjBsb29wJTNEJTIydHJ1ZSUyMiUyMG11dGVkJTNEJTIydHJ1ZSUyMiUyMHdpZHRoJTNEJTIyMTAwJTI1JTIyJTIwaGVpZ2h0JTNEJTIyMjUlMjUlMjIlMjBwbGF5c2lubGluZSUzRCUyMiUyMiUzRSUwQSUzQ3NvdXJjZSUyMHNyYyUzRCUyMmh0dHAlM0ElMkYlMkZicmFzaWxsaWtlLmNvbS5iciUyRmNhbXBhbmhhJTJGd3AtY29udGVudCUyRnVwbG9hZHMlMkZzaXRlcyUyRjclMkYyMDI2JTJGMDIlMkYwMl8yNS1CUkFTSUxMSUtFLUJhbm5lck1vYmlsZS0xLm1wNCUyMiUyMHR5cGUlM0QlMjJ2aWRlbyUyRm1wNCUyMiUzRSUwQSUzQyUyRnZpZGVvJTNF[\/vc_raw_html][\/vc_column][\/vc_row][vc_row css_animation=&#8221;&#8221; row_type=&#8221;row&#8221; use_row_as_full_screen_section=&#8221;no&#8221; type=&#8221;grid&#8221; angled_section=&#8221;no&#8221; text_align=&#8221;center&#8221; background_image_as_pattern=&#8221;without_pattern&#8221; z_index=&#8221;&#8221;][vc_column width=&#8221;1\/4&#8243;][\/vc_column][vc_column width=&#8221;1\/4&#8243; el_class=&#8221;coluna-planos&#8221; css=&#8221;.vc_custom_1683758439928{background-color: #ffffff !important;border-radius: 15px !important;}&#8221;][vc_row_inner row_type=&#8221;row&#8221; type=&#8221;full_width&#8221; text_align=&#8221;left&#8221; css_animation=&#8221;&#8221;][vc_column_inner width=&#8221;1\/2&#8243;][vc_column_text]<\/p>\n<h3 style=\"text-align: center;\"><strong><span style=\"color: #009c36;\">PLANO<\/span><\/strong><\/h3>\n<h4 style=\"text-align: center;\"><strong>WHATS<\/strong><\/h4>\n<p>[\/vc_column_text][\/vc_column_inner][vc_column_inner width=&#8221;1\/2&#8243;][vc_column_text]<\/p>\n<h4 style=\"text-align: center;\">R$<\/h4>\n<h3 style=\"text-align: center;\"><strong><span style=\"color: #009c36;\">517,00<\/span><\/strong><\/h3>\n<p>[\/vc_column_text][\/vc_column_inner][\/vc_row_inner][vc_raw_html css=&#8221;.vc_custom_1693935467029{margin-top: 20px !important;}&#8221;]JTNDaW1nJTIwc3JjJTNEJTIyaHR0cHMlM0ElMkYlMkZicmFzaWxsaWtlLmNvbS5iciUyRnNpdGUlMkZ3cC1jb250ZW50JTJGdXBsb2FkcyUyRjIwMjMlMkYwNSUyRndoYXRzYXBwLTEucG5nJTIyJTIwYWx0JTNEJTIySW1hZ2UlMjIlMjBoZWlnaHQlM0QlMjIyOSUyMiUyMHdpZHRoJTNEJTIyMjklMjIlM0U=[\/vc_raw_html][vc_empty_space height=&#8221;16px&#8221;][vc_row_inner row_type=&#8221;row&#8221; type=&#8221;full_width&#8221; text_align=&#8221;left&#8221; css_animation=&#8221;&#8221;][vc_column_inner][vc_column_text]<\/p>\n<ul>\n<li style=\"list-style-type: none;\">\n<ul>\n<li style=\"list-style-type: none;\">\n<ul>\n<li style=\"list-style-type: none;\">\n<ul>\n<li style=\"text-align: left; list-style-type: none; margin-top: 16px;\">\n<h6>\u2013\u00a01 Whats Business API<\/h6>\n<p>&nbsp;<\/p>\n<h6><\/h6>\n<h6>\u2013 3 Operadores incluso<\/h6>\n<p>&nbsp;<\/p>\n<h6><\/h6>\n<h6>\u2013 Hub Chat<\/h6>\n<p><strong><span style=\"display: flex; align-items: center;\">\u00a0<\/span><\/strong><\/li>\n<\/ul>\n<\/li>\n<\/ul>\n<\/li>\n<\/ul>\n<\/li>\n<\/ul>\n<p>[\/vc_column_text][\/vc_column_inner][\/vc_row_inner][vc_empty_space]<a  itemprop=\"url\" href=\"https:\/\/brasillike.com.br\/cambuquira\/assine-ja\/\" target=\"_self\"  class=\"qbutton  center default\" style=\"\">Saiba Mais!<\/a>[vc_empty_space][\/vc_column][vc_column width=&#8221;1\/4&#8243; el_class=&#8221;coluna-planos&#8221; css=&#8221;.vc_custom_1683758453411{background-color: #ffffff !important;border-radius: 15px !important;}&#8221;][vc_row_inner row_type=&#8221;row&#8221; type=&#8221;full_width&#8221; text_align=&#8221;left&#8221; css_animation=&#8221;&#8221;][vc_column_inner width=&#8221;1\/2&#8243;][vc_column_text]<\/p>\n<h3 style=\"text-align: center;\"><span style=\"color: #ffffff;\"><strong>PLANO<\/strong><\/span><\/h3>\n<h4 style=\"text-align: center;\"><strong><span style=\"color: #ffffff;\">FULL<\/span><\/strong><\/h4>\n<p>[\/vc_column_text][\/vc_column_inner][vc_column_inner width=&#8221;1\/2&#8243;][vc_column_text]<\/p>\n<h4 style=\"text-align: center;\"><span style=\"color: #ffffff;\">R$<\/span><\/h4>\n<h3 style=\"text-align: center;\"><span style=\"color: #ffffff;\"><strong>817,00<\/strong><\/span><\/h3>\n<p>[\/vc_column_text][\/vc_column_inner][\/vc_row_inner][vc_raw_html css=&#8221;.vc_custom_1715606439341{margin-top: 20px !important;}&#8221;]JTNDaW1nJTIwc3JjJTNEJTIyaHR0cHMlM0ElMkYlMkZicmFzaWxsaWtlLmNvbS5iciUyRnNpdGUlMkZ3cC1jb250ZW50JTJGdXBsb2FkcyUyRjIwMjMlMkYwNSUyRndoYXRzYXBwLTEucG5nJTIyJTIwYWx0JTNEJTIySW1hZ2UlMjIlMjBoZWlnaHQlM0QlMjIyOSUyMiUyMHdpZHRoJTNEJTIyMjklMjIlM0UlMEElM0NpbWclMjBzcmMlM0QlMjJodHRwJTNBJTJGJTJGYnJhc2lsbGlrZS5jb20uYnIlMkZjYW1wYW5oYSUyRndwLWNvbnRlbnQlMkZ1cGxvYWRzJTJGc2l0ZXMlMkY3JTJGMjAyNCUyRjA1JTJGaWNvbmUtZGUtbWlkaWEtc29jaWFsLWRvLXZldG9yLWluc3RhZ3JhbS03LWRlLWp1bmhvLWRlLTIwMjEtYmFuZ3VlY29xdWUtdGFpbGFuZGlhXzUzODc2LTEzNjcyOC1yZW1vdmViZy1wcmV2aWV3LnBuZyUyMiUyMGFsdCUzRCUyMkltYWdlJTIyJTIwaGVpZ2h0JTNEJTIyMzUlMjIlMjB3aWR0aCUzRCUyMjM1JTIyJTNFJTBBJTNDaW1nJTIwc3JjJTNEJTIyaHR0cHMlM0ElMkYlMkZicmFzaWxsaWtlLmNvbS5iciUyRnNpdGUlMkZ3cC1jb250ZW50JTJGdXBsb2FkcyUyRjIwMjMlMkYwNSUyRmVudmlhci5wbmclMjIlMjBhbHQlM0QlMjJJbWFnZSUyMiUyMGhlaWdodCUzRCUyMjI5JTIyJTIwd2lkdGglM0QlMjIyOSUyMiUzRSUwQSUzQ2ltZyUyMHNyYyUzRCUyMmh0dHBzJTNBJTJGJTJGYnJhc2lsbGlrZS5jb20uYnIlMkZzaXRlJTJGd3AtY29udGVudCUyRnVwbG9hZHMlMkYyMDIzJTJGMDUlMkZtZW5zYWdlaXJvLnBuZyUyMiUyMGFsdCUzRCUyMkltYWdlJTIyJTIwaGVpZ2h0JTNEJTIyMjklMjIlMjB3aWR0aCUzRCUyMjI5JTIyJTNF[\/vc_raw_html][vc_empty_space height=&#8221;16px&#8221;][vc_row_inner row_type=&#8221;row&#8221; type=&#8221;full_width&#8221; text_align=&#8221;left&#8221; css_animation=&#8221;&#8221;][vc_column_inner][vc_column_text]<\/p>\n<ul>\n<li style=\"list-style-type: none;\">\n<ul>\n<li style=\"list-style-type: none;\">\n<ul>\n<li style=\"list-style-type: none;\">\n<ul>\n<li style=\"text-align: left; list-style-type: none; margin-top: 16px;\">\n<h6><span style=\"color: #ffffff;\">\u2013\u00a01 Whats Business API<\/span><\/h6>\n<h6><\/h6>\n<p>&nbsp;<\/p>\n<h6><span style=\"color: #ffffff;\">\u2013 3 Operadores incluso<\/span><\/h6>\n<h6><\/h6>\n<p>&nbsp;<\/p>\n<h6><span style=\"color: #ffffff;\">\u2013 Hub Chat<\/span><\/h6>\n<p>&nbsp;<\/p>\n<h6><\/h6>\n<h6><span style=\"color: #ffffff;\">\u2013 Messenger<\/span><\/h6>\n<p>&nbsp;<\/p>\n<h6><\/h6>\n<h6><span style=\"color: #ffffff;\">\u2013 Instagram Direct<\/span><\/h6>\n<p><span style=\"color: #ffffff;\"><strong><span style=\"display: flex; align-items: center;\">\u00a0<\/span><\/strong><\/span><\/li>\n<\/ul>\n<\/li>\n<\/ul>\n<\/li>\n<\/ul>\n<\/li>\n<\/ul>\n<p>[\/vc_column_text][\/vc_column_inner][\/vc_row_inner][vc_empty_space]<a  itemprop=\"url\" href=\"https:\/\/brasillike.com.br\/cambuquira\/assine-ja\/\" target=\"_self\"  class=\"qbutton  default\" style=\"\">Saiba Mais!<\/a>[vc_empty_space][\/vc_column][vc_column width=&#8221;1\/4&#8243;][\/vc_column][\/vc_row][vc_row css_animation=&#8221;&#8221; row_type=&#8221;row&#8221; use_row_as_full_screen_section=&#8221;no&#8221; type=&#8221;full_width&#8221; angled_section=&#8221;no&#8221; text_align=&#8221;left&#8221; background_image_as_pattern=&#8221;without_pattern&#8221; css=&#8221;.vc_custom_1715605658450{margin-top: 30px !important;}&#8221; z_index=&#8221;&#8221;][vc_column][vc_row_inner row_type=&#8221;row&#8221; type=&#8221;full_width&#8221; text_align=&#8221;left&#8221; css_animation=&#8221;&#8221;][vc_column_inner][vc_column_text css=&#8221;.vc_custom_1714151484799{margin-bottom: 40px !important;margin-left: 20px !important;}&#8221;]<\/p>\n<h6 style=\"text-align: left;\"><span style=\"font-size: 12px;\">*Os valores est\u00e3o sujeitos a altera\u00e7\u00e3o caso a plataforma em quest\u00e3o altere a forma de relacionamento e cobran\u00e7a.<\/span><\/h6>\n<p>[\/vc_column_text][\/vc_column_inner][\/vc_row_inner][\/vc_column][\/vc_row][vc_row css_animation=&#8221;&#8221; row_type=&#8221;row&#8221; use_row_as_full_screen_section=&#8221;no&#8221; type=&#8221;grid&#8221; angled_section=&#8221;no&#8221; text_align=&#8221;center&#8221; background_image_as_pattern=&#8221;without_pattern&#8221; z_index=&#8221;&#8221; css=&#8221;.vc_custom_1684344834600{margin-top: 30px !important;}&#8221;][vc_column width=&#8221;1\/5&#8243;][vc_raw_html]JTNDcCUzRSU1QnZjX3JvdyUyMGNzc19hbmltYXRpb24lM0QlMjIlMjIlMjByb3dfdHlwZSUzRCUyMnJvdyUyMiUyMHVzZV9yb3dfYXNfZnVsbF9zY3JlZW5fc2VjdGlvbiUzRCUyMm5vJTIyJTIwdHlwZSUzRCUyMmdyaWQlMjIlMjBhbmdsZWRfc2VjdGlvbiUzRCUyMm5vJTIyJTIwdGV4dF9hbGlnbiUzRCUyMmNlbnRlciUyMiUyMGJhY2tncm91bmRfaW1hZ2VfYXNfcGF0dGVybiUzRCUyMndpdGhvdXRfcGF0dGVybiUyMiUyMHpfaW5kZXglM0QlMjIlMjIlMjBjc3MlM0QlMjIudmNfY3VzdG9tXzE2ODQzNDQ4MzQ2MDAlN0JtYXJnaW4tdG9wJTNBJTIwMzBweCUyMCUyMWltcG9ydGFudCUzQiU3RCUyMiU1RCU1QnZjX2NvbHVtbiUyMHdpZHRoJTNEJTIyMSUyRjYlMjIlMjBlbF9jbGFzcyUzRCUyMmNvbHVuYS1wbGFub3MlMjIlMjBjc3MlM0QlMjIudmNfY3VzdG9tXzE2ODM3NTg0Mzk5MjglN0JiYWNrZ3JvdW5kLWNvbG9yJTNBJTIwJTIzZmZmZmZmJTIwJTIxaW1wb3J0YW50JTNCYm9yZGVyLXJhZGl1cyUzQSUyMDE1cHglMjAlMjFpbXBvcnRhbnQlM0IlN0QlMjIlNUQlNUJ2Y19yb3dfaW5uZXIlMjByb3dfdHlwZSUzRCUyMnJvdyUyMiUyMHR5cGUlM0QlMjJmdWxsX3dpZHRoJTIyJTIwdGV4dF9hbGlnbiUzRCUyMmxlZnQlMjIlMjBjc3NfYW5pbWF0aW9uJTNEJTIyJTIyJTVEJTVCdmNfY29sdW1uX2lubmVyJTVEJTVCdmNfY29sdW1uX3RleHQlNUQlM0MlMkZwJTNFJTBBJTNDaDQlMjBzdHlsZSUzRCUyMnRleHQtYWxpZ24lM0ElMjBjZW50ZXIlM0IlMjIlM0UlM0NzdHJvbmclM0VMSUNFTiVDMyU4N0ElMjBETyUyMFNPRlRXQVJFJTNDJTJGc3Ryb25nJTNFJTNDJTJGaDQlM0UlMEElM0NpbWclMjBzcmMlM0QlMjJodHRwJTNBJTJGJTJGYnJhc2lsbGlrZS5jb20uYnIlMkZjYW1wYW5oYSUyRndwLWNvbnRlbnQlMkZ1cGxvYWRzJTJGc2l0ZXMlMkY3JTJGMjAyNCUyRjA1JTJGc2V0dGluZ3NfMzUyNDYzNi5wbmclMjIlMjBoZWlnaHQlM0QlMjIyOSUyMiUyMHdpZHRoJTNEJTIyMjklMjIlMjBzdHlsZSUzRCUyMm1hcmdpbiUzQSUyMDEwcHglMjAwcHglMjIlM0UlMEElM0NoNCUyMHN0eWxlJTNEJTIydGV4dC1hbGlnbiUzQSUyMGNlbnRlciUzQiUyMGZvbnQtc2l6ZSUzQSUyMDE1cHglM0IlMjIlM0UlM0NzdHJvbmclM0VSJTI0JTNDJTJGc3Ryb25nJTNFJTNDJTJGaDQlM0UlMEElM0NoNCUyMHN0eWxlJTNEJTIydGV4dC1hbGlnbiUzQSUyMGNlbnRlciUzQiUyMiUzRSUzQ3N0cm9uZyUzRSUzQ3NwYW4lMjBzdHlsZSUzRCUyMmNvbG9yJTNBJTIwJTIzMDA5YzM2JTNCJTIyJTNFMTUwJTJDMDAlM0MlMkZzcGFuJTNFJTNDJTJGc3Ryb25nJTNFJTNDJTJGaDQlM0UlMEElM0NwJTNFJTVCJTJGdmNfY29sdW1uX3RleHQlNUQlNUJ2Y19lbXB0eV9zcGFjZSU1RCU1QmJ1dHRvbiUyMHRhcmdldCUzRCUyMl9zZWxmJTIyJTIwaG92ZXJfdHlwZSUzRCUyMmRlZmF1bHQlMjIlMjB0ZXh0X2FsaWduJTNEJTIyY2VudGVyJTIyJTIwdGV4dCUzRCUyMkFzc2luZSUyMEolQzMlQTElMjElMjIlMjBsaW5rJTNEJTIyaHR0cHMlM0ElMkYlMkZicmFzaWxsaWtlLmNvbS5iciUyRmNhbWJ1cXVpcmElMkZhc3NpbmUtamElMkYlMjIlNUQlNUJ2Y19lbXB0eV9zcGFjZSU1RCU1QiUyRnZjX2NvbHVtbiU1RCU1QiUyRnZjX3JvdyU1RCUzQyUyRnAlM0UlMEE=[\/vc_raw_html][\/vc_column][vc_column width=&#8221;1\/5&#8243;][vc_raw_html]JTNDcCUzRSU1QnZjX3JvdyUyMGNzc19hbmltYXRpb24lM0QlMjIlMjIlMjByb3dfdHlwZSUzRCUyMnJvdyUyMiUyMHVzZV9yb3dfYXNfZnVsbF9zY3JlZW5fc2VjdGlvbiUzRCUyMm5vJTIyJTIwdHlwZSUzRCUyMmdyaWQlMjIlMjBhbmdsZWRfc2VjdGlvbiUzRCUyMm5vJTIyJTIwdGV4dF9hbGlnbiUzRCUyMmNlbnRlciUyMiUyMGJhY2tncm91bmRfaW1hZ2VfYXNfcGF0dGVybiUzRCUyMndpdGhvdXRfcGF0dGVybiUyMiUyMHpfaW5kZXglM0QlMjIlMjIlMjBjc3MlM0QlMjIudmNfY3VzdG9tXzE2ODQzNDQ4MzQ2MDAlN0JtYXJnaW4tdG9wJTNBJTIwMzBweCUyMCUyMWltcG9ydGFudCUzQiU3RCUyMiU1RCU1QnZjX2NvbHVtbiUyMHdpZHRoJTNEJTIyMSUyRjYlMjIlMjBlbF9jbGFzcyUzRCUyMmNvbHVuYS1wbGFub3MlMjIlMjBjc3MlM0QlMjIudmNfY3VzdG9tXzE2ODM3NTg0Mzk5MjglN0JiYWNrZ3JvdW5kLWNvbG9yJTNBJTIwJTIzZmZmZmZmJTIwJTIxaW1wb3J0YW50JTNCYm9yZGVyLXJhZGl1cyUzQSUyMDE1cHglMjAlMjFpbXBvcnRhbnQlM0IlN0QlMjIlNUQlNUJ2Y19yb3dfaW5uZXIlMjByb3dfdHlwZSUzRCUyMnJvdyUyMiUyMHR5cGUlM0QlMjJmdWxsX3dpZHRoJTIyJTIwdGV4dF9hbGlnbiUzRCUyMmxlZnQlMjIlMjBjc3NfYW5pbWF0aW9uJTNEJTIyJTIyJTVEJTVCdmNfY29sdW1uX2lubmVyJTVEJTVCdmNfY29sdW1uX3RleHQlNUQlM0MlMkZwJTNFJTBBJTNDaDQlMjBzdHlsZSUzRCUyMnRleHQtYWxpZ24lM0ElMjBjZW50ZXIlM0IlMjIlM0UlM0NzdHJvbmclM0VXSEFUUyUyMEFQSSUzQyUyRnN0cm9uZyUzRSUzQyUyRmg0JTNFJTBBJTNDaW1nJTIwc3JjJTNEJTIyaHR0cHMlM0ElMkYlMkZicmFzaWxsaWtlLmNvbS5iciUyRndwLWNvbnRlbnQlMkZ1cGxvYWRzJTJGMjAyMyUyRjA1JTJGd2hhdHNhcHAtMS1lMTY4NDM0MjEwOTQwNC5wbmclMjIlMjBoZWlnaHQlM0QlMjIyOSUyMiUyMHdpZHRoJTNEJTIyMjklMjIlMjBzdHlsZSUzRCUyMm1hcmdpbiUzQSUyMDEwcHglMjAwcHglMjIlM0UlMEElM0NoNCUyMHN0eWxlJTNEJTIydGV4dC1hbGlnbiUzQSUyMGNlbnRlciUzQiUyMGZvbnQtc2l6ZSUzQSUyMDE1cHglM0IlMjIlM0UlM0NzdHJvbmclM0VSJTI0JTNDJTJGc3Ryb25nJTNFJTNDJTJGaDQlM0UlMEElM0NoNCUyMHN0eWxlJTNEJTIydGV4dC1hbGlnbiUzQSUyMGNlbnRlciUzQiUyMiUzRSUzQ3N0cm9uZyUzRSUzQ3NwYW4lMjBzdHlsZSUzRCUyMmNvbG9yJTNBJTIwJTIzMDA5YzM2JTNCJTIyJTNFMTUwJTJDMDAlM0MlMkZzcGFuJTNFJTNDJTJGc3Ryb25nJTNFJTNDJTJGaDQlM0UlMEElM0NoNCUyMHN0eWxlJTNEJTIydGV4dC1hbGlnbiUzQSUyMGNlbnRlciUzQiUyMGZvbnQtc2l6ZSUzQSUyMDEycHglM0IlMjIlM0UlM0NzdHJvbmclM0UlMkFDb25zdWx0ZSUyMGN1c3RvcyUyMGFkaWNpb25haXMlMjBwYXJhJTIwaW50ZWdyYSVDMyVBNyVDMyVBM28lMjBkYSUyMGZlcnJhbWVudGElMjBNRVRBLiUzQyUyRnN0cm9uZyUzRSUzQyUyRmg0JTNFJTBBJTNDcCUzRSU1QiUyRnZjX2NvbHVtbl90ZXh0JTVEJTVCdmNfZW1wdHlfc3BhY2UlNUQlNUJidXR0b24lMjB0YXJnZXQlM0QlMjJfc2VsZiUyMiUyMGhvdmVyX3R5cGUlM0QlMjJkZWZhdWx0JTIyJTIwdGV4dF9hbGlnbiUzRCUyMmNlbnRlciUyMiUyMHRleHQlM0QlMjJBc3NpbmUlMjBKJUMzJUExJTIxJTIyJTIwbGluayUzRCUyMmh0dHBzJTNBJTJGJTJGYnJhc2lsbGlrZS5jb20uYnIlMkZjYW1idXF1aXJhJTJGYXNzaW5lLWphJTJGJTIyJTVEJTVCdmNfZW1wdHlfc3BhY2UlNUQlNUIlMkZ2Y19jb2x1bW4lNUQlNUIlMkZ2Y19yb3clNUQlM0MlMkZwJTNFJTBB[\/vc_raw_html][\/vc_column][vc_column width=&#8221;1\/5&#8243;][vc_raw_html]JTNDcCUzRSU1QnZjX3JvdyUyMGNzc19hbmltYXRpb24lM0QlMjIlMjIlMjByb3dfdHlwZSUzRCUyMnJvdyUyMiUyMHVzZV9yb3dfYXNfZnVsbF9zY3JlZW5fc2VjdGlvbiUzRCUyMm5vJTIyJTIwdHlwZSUzRCUyMmdyaWQlMjIlMjBhbmdsZWRfc2VjdGlvbiUzRCUyMm5vJTIyJTIwdGV4dF9hbGlnbiUzRCUyMmNlbnRlciUyMiUyMGJhY2tncm91bmRfaW1hZ2VfYXNfcGF0dGVybiUzRCUyMndpdGhvdXRfcGF0dGVybiUyMiUyMHpfaW5kZXglM0QlMjIlMjIlMjBjc3MlM0QlMjIudmNfY3VzdG9tXzE2ODQzNDQ4MzQ2MDAlN0JtYXJnaW4tdG9wJTNBJTIwMzBweCUyMCUyMWltcG9ydGFudCUzQiU3RCUyMiU1RCU1QnZjX2NvbHVtbiUyMHdpZHRoJTNEJTIyMSUyRjYlMjIlMjBlbF9jbGFzcyUzRCUyMmNvbHVuYS1wbGFub3MlMjIlMjBjc3MlM0QlMjIudmNfY3VzdG9tXzE2ODM3NTg0Mzk5MjglN0JiYWNrZ3JvdW5kLWNvbG9yJTNBJTIwJTIzZmZmZmZmJTIwJTIxaW1wb3J0YW50JTNCYm9yZGVyLXJhZGl1cyUzQSUyMDE1cHglMjAlMjFpbXBvcnRhbnQlM0IlN0QlMjIlNUQlNUJ2Y19yb3dfaW5uZXIlMjByb3dfdHlwZSUzRCUyMnJvdyUyMiUyMHR5cGUlM0QlMjJmdWxsX3dpZHRoJTIyJTIwdGV4dF9hbGlnbiUzRCUyMmxlZnQlMjIlMjBjc3NfYW5pbWF0aW9uJTNEJTIyJTIyJTVEJTVCdmNfY29sdW1uX2lubmVyJTVEJTVCdmNfY29sdW1uX3RleHQlNUQlM0MlMkZwJTNFJTBBJTNDaDQlMjBzdHlsZSUzRCUyMnRleHQtYWxpZ24lM0ElMjBjZW50ZXIlM0IlMjIlM0UlM0NzdHJvbmclM0VNRVNTRU5HRVIlM0MlMkZzdHJvbmclM0UlM0MlMkZoNCUzRSUwQSUzQ2ltZyUyMHNyYyUzRCUyMmh0dHBzJTNBJTJGJTJGYnJhc2lsbGlrZS5jb20uYnIlMkZ3cC1jb250ZW50JTJGdXBsb2FkcyUyRjIwMjMlMkYwNSUyRm1lbnNhZ2Vpcm8ucG5nJTIyJTIwaGVpZ2h0JTNEJTIyMjklMjIlMjB3aWR0aCUzRCUyMjI5JTIyJTIwc3R5bGUlM0QlMjJtYXJnaW4lM0ElMjAxMHB4JTIwMHB4JTIyJTNFJTBBJTNDaDQlMjBzdHlsZSUzRCUyMnRleHQtYWxpZ24lM0ElMjBjZW50ZXIlM0IlMjBmb250LXNpemUlM0ElMjAxNXB4JTNCJTIyJTNFJTNDc3Ryb25nJTNFUiUyNCUzQyUyRnN0cm9uZyUzRSUzQyUyRmg0JTNFJTBBJTNDaDQlMjBzdHlsZSUzRCUyMnRleHQtYWxpZ24lM0ElMjBjZW50ZXIlM0IlMjIlM0UlM0NzdHJvbmclM0UlM0NzcGFuJTIwc3R5bGUlM0QlMjJjb2xvciUzQSUyMCUyMzAwOWMzNiUzQiUyMiUzRTE1MCUyQzAwJTNDJTJGc3BhbiUzRSUzQyUyRnN0cm9uZyUzRSUzQyUyRmg0JTNFJTBBJTNDcCUzRSU1QiUyRnZjX2NvbHVtbl90ZXh0JTVEJTVCdmNfZW1wdHlfc3BhY2UlNUQlNUJidXR0b24lMjB0YXJnZXQlM0QlMjJfc2VsZiUyMiUyMGhvdmVyX3R5cGUlM0QlMjJkZWZhdWx0JTIyJTIwdGV4dF9hbGlnbiUzRCUyMmNlbnRlciUyMiUyMHRleHQlM0QlMjJBc3NpbmUlMjBKJUMzJUExJTIxJTIyJTIwbGluayUzRCUyMmh0dHBzJTNBJTJGJTJGYnJhc2lsbGlrZS5jb20uYnIlMkZjYW1idXF1aXJhJTJGYXNzaW5lLWphJTJGJTIyJTVEJTVCdmNfZW1wdHlfc3BhY2UlNUQlNUIlMkZ2Y19jb2x1bW4lNUQlNUIlMkZ2Y19yb3clNUQlM0MlMkZwJTNFJTBB[\/vc_raw_html][\/vc_column][vc_column width=&#8221;1\/5&#8243;][vc_raw_html]JTNDcCUzRSU1QnZjX3JvdyUyMGNzc19hbmltYXRpb24lM0QlMjIlMjIlMjByb3dfdHlwZSUzRCUyMnJvdyUyMiUyMHVzZV9yb3dfYXNfZnVsbF9zY3JlZW5fc2VjdGlvbiUzRCUyMm5vJTIyJTIwdHlwZSUzRCUyMmdyaWQlMjIlMjBhbmdsZWRfc2VjdGlvbiUzRCUyMm5vJTIyJTIwdGV4dF9hbGlnbiUzRCUyMmNlbnRlciUyMiUyMGJhY2tncm91bmRfaW1hZ2VfYXNfcGF0dGVybiUzRCUyMndpdGhvdXRfcGF0dGVybiUyMiUyMHpfaW5kZXglM0QlMjIlMjIlMjBjc3MlM0QlMjIudmNfY3VzdG9tXzE2ODQzNDQ4MzQ2MDAlN0JtYXJnaW4tdG9wJTNBJTIwMzBweCUyMCUyMWltcG9ydGFudCUzQiU3RCUyMiU1RCU1QnZjX2NvbHVtbiUyMHdpZHRoJTNEJTIyMSUyRjYlMjIlMjBlbF9jbGFzcyUzRCUyMmNvbHVuYS1wbGFub3MlMjIlMjBjc3MlM0QlMjIudmNfY3VzdG9tXzE2ODM3NTg0Mzk5MjglN0JiYWNrZ3JvdW5kLWNvbG9yJTNBJTIwJTIzZmZmZmZmJTIwJTIxaW1wb3J0YW50JTNCYm9yZGVyLXJhZGl1cyUzQSUyMDE1cHglMjAlMjFpbXBvcnRhbnQlM0IlN0QlMjIlNUQlNUJ2Y19yb3dfaW5uZXIlMjByb3dfdHlwZSUzRCUyMnJvdyUyMiUyMHR5cGUlM0QlMjJmdWxsX3dpZHRoJTIyJTIwdGV4dF9hbGlnbiUzRCUyMmxlZnQlMjIlMjBjc3NfYW5pbWF0aW9uJTNEJTIyJTIyJTVEJTVCdmNfY29sdW1uX2lubmVyJTVEJTVCdmNfY29sdW1uX3RleHQlNUQlM0MlMkZwJTNFJTBBJTNDaDQlMjBzdHlsZSUzRCUyMnRleHQtYWxpZ24lM0ElMjBjZW50ZXIlM0IlMjIlM0UlM0NzdHJvbmclM0VJTlNUQUdSQU0lMjBESVJFQ1QlM0MlMkZzdHJvbmclM0UlM0MlMkZoNCUzRSUwQSUzQ2ltZyUyMHNyYyUzRCUyMmh0dHAlM0ElMkYlMkZicmFzaWxsaWtlLmNvbS5iciUyRmNhbXBhbmhhJTJGd3AtY29udGVudCUyRnVwbG9hZHMlMkZzaXRlcyUyRjclMkYyMDI0JTJGMDUlMkZlN2ZjYzg5NTMwYTQ4OGE2NWYwMDM1ZGY2OWZkNmExNC5qcGclMjIlMjBoZWlnaHQlM0QlMjIyOSUyMiUyMHdpZHRoJTNEJTIyMjklMjIlMjBzdHlsZSUzRCUyMm1hcmdpbiUzQSUyMDEwcHglMjAwcHglMjIlM0UlMEElM0NoNCUyMHN0eWxlJTNEJTIydGV4dC1hbGlnbiUzQSUyMGNlbnRlciUzQiUyMGZvbnQtc2l6ZSUzQSUyMDE1cHglM0IlMjIlM0UlM0NzdHJvbmclM0VSJTI0JTNDJTJGc3Ryb25nJTNFJTNDJTJGaDQlM0UlMEElM0NoNCUyMHN0eWxlJTNEJTIydGV4dC1hbGlnbiUzQSUyMGNlbnRlciUzQiUyMiUzRSUzQ3N0cm9uZyUzRSUzQ3NwYW4lMjBzdHlsZSUzRCUyMmNvbG9yJTNBJTIwJTIzMDA5YzM2JTNCJTIyJTNFMTUwJTJDMDAlM0MlMkZzcGFuJTNFJTNDJTJGc3Ryb25nJTNFJTNDJTJGaDQlM0UlMEElM0NwJTNFJTVCJTJGdmNfY29sdW1uX3RleHQlNUQlNUJ2Y19lbXB0eV9zcGFjZSU1RCU1QmJ1dHRvbiUyMHRhcmdldCUzRCUyMl9zZWxmJTIyJTIwaG92ZXJfdHlwZSUzRCUyMmRlZmF1bHQlMjIlMjB0ZXh0X2FsaWduJTNEJTIyY2VudGVyJTIyJTIwdGV4dCUzRCUyMkFzc2luZSUyMEolQzMlQTElMjElMjIlMjBsaW5rJTNEJTIyaHR0cHMlM0ElMkYlMkZicmFzaWxsaWtlLmNvbS5iciUyRmNhbWJ1cXVpcmElMkZhc3NpbmUtamElMkYlMjIlNUQlNUJ2Y19lbXB0eV9zcGFjZSU1RCU1QiUyRnZjX2NvbHVtbiU1RCU1QiUyRnZjX3JvdyU1RCUzQyUyRnAlM0UlMEE=[\/vc_raw_html][\/vc_column][vc_column width=&#8221;1\/5&#8243;][vc_raw_html]JTNDcCUzRSU1QnZjX3JvdyUyMGNzc19hbmltYXRpb24lM0QlMjIlMjIlMjByb3dfdHlwZSUzRCUyMnJvdyUyMiUyMHVzZV9yb3dfYXNfZnVsbF9zY3JlZW5fc2VjdGlvbiUzRCUyMm5vJTIyJTIwdHlwZSUzRCUyMmdyaWQlMjIlMjBhbmdsZWRfc2VjdGlvbiUzRCUyMm5vJTIyJTIwdGV4dF9hbGlnbiUzRCUyMmNlbnRlciUyMiUyMGJhY2tncm91bmRfaW1hZ2VfYXNfcGF0dGVybiUzRCUyMndpdGhvdXRfcGF0dGVybiUyMiUyMHpfaW5kZXglM0QlMjIlMjIlMjBjc3MlM0QlMjIudmNfY3VzdG9tXzE2ODQzNDQ4MzQ2MDAlN0JtYXJnaW4tdG9wJTNBJTIwMzBweCUyMCUyMWltcG9ydGFudCUzQiU3RCUyMiU1RCU1QnZjX2NvbHVtbiUyMHdpZHRoJTNEJTIyMSUyRjYlMjIlMjBlbF9jbGFzcyUzRCUyMmNvbHVuYS1wbGFub3MlMjIlMjBjc3MlM0QlMjIudmNfY3VzdG9tXzE2ODM3NTg0Mzk5MjglN0JiYWNrZ3JvdW5kLWNvbG9yJTNBJTIwJTIzZmZmZmZmJTIwJTIxaW1wb3J0YW50JTNCYm9yZGVyLXJhZGl1cyUzQSUyMDE1cHglMjAlMjFpbXBvcnRhbnQlM0IlN0QlMjIlNUQlNUJ2Y19yb3dfaW5uZXIlMjByb3dfdHlwZSUzRCUyMnJvdyUyMiUyMHR5cGUlM0QlMjJmdWxsX3dpZHRoJTIyJTIwdGV4dF9hbGlnbiUzRCUyMmxlZnQlMjIlMjBjc3NfYW5pbWF0aW9uJTNEJTIyJTIyJTVEJTVCdmNfY29sdW1uX2lubmVyJTVEJTVCdmNfY29sdW1uX3RleHQlNUQlM0MlMkZwJTNFJTBBJTNDaDQlMjBzdHlsZSUzRCUyMnRleHQtYWxpZ24lM0ElMjBjZW50ZXIlM0IlMjIlM0UlM0NzdHJvbmclM0VPUEVSQURPUiUzQyUyRnN0cm9uZyUzRSUzQyUyRmg0JTNFJTBBJTNDaW1nJTIwc3JjJTNEJTIyaHR0cHMlM0ElMkYlMkZicmFzaWxsaWtlLmNvbS5iciUyRndwLWNvbnRlbnQlMkZ1cGxvYWRzJTJGMjAyMyUyRjA1JTJGdGVsZW1hcmtldGluZy5wbmclMjIlMjBoZWlnaHQlM0QlMjIyOSUyMiUyMHdpZHRoJTNEJTIyMjklMjIlMjBzdHlsZSUzRCUyMm1hcmdpbiUzQSUyMDEwcHglMjAwcHglMjIlM0UlMEElM0NoNCUyMHN0eWxlJTNEJTIydGV4dC1hbGlnbiUzQSUyMGNlbnRlciUzQiUyMGZvbnQtc2l6ZSUzQSUyMDE1cHglM0IlMjIlM0UlM0NzdHJvbmclM0VSJTI0JTNDJTJGc3Ryb25nJTNFJTNDJTJGaDQlM0UlMEElM0NoNCUyMHN0eWxlJTNEJTIydGV4dC1hbGlnbiUzQSUyMGNlbnRlciUzQiUyMiUzRSUzQ3N0cm9uZyUzRSUzQ3NwYW4lMjBzdHlsZSUzRCUyMmNvbG9yJTNBJTIwJTIzMDA5YzM2JTNCJTIyJTNFMzAlMkMwMCUzQyUyRnNwYW4lM0UlM0MlMkZzdHJvbmclM0UlM0MlMkZoNCUzRSUwQSUzQ3AlM0UlNUIlMkZ2Y19jb2x1bW5fdGV4dCU1RCU1QnZjX2VtcHR5X3NwYWNlJTVEJTVCYnV0dG9uJTIwdGFyZ2V0JTNEJTIyX3NlbGYlMjIlMjBob3Zlcl90eXBlJTNEJTIyZGVmYXVsdCUyMiUyMHRleHRfYWxpZ24lM0QlMjJjZW50ZXIlMjIlMjB0ZXh0JTNEJTIyQXNzaW5lJTIwSiVDMyVBMSUyMSUyMiUyMGxpbmslM0QlMjJodHRwcyUzQSUyRiUyRmJyYXNpbGxpa2UuY29tLmJyJTJGY2FtYnVxdWlyYSUyRmFzc2luZS1qYSUyRiUyMiU1RCU1QnZjX2VtcHR5X3NwYWNlJTVEJTVCJTJGdmNfY29sdW1uJTVEJTVCJTJGdmNfcm93JTVEJTNDJTJGcCUzRSUwQQ==[\/vc_raw_html][\/vc_column][\/vc_row][vc_row css_animation=&#8221;&#8221; row_type=&#8221;row&#8221; use_row_as_full_screen_section=&#8221;no&#8221; type=&#8221;full_width&#8221; angled_section=&#8221;no&#8221; text_align=&#8221;center&#8221; background_image_as_pattern=&#8221;without_pattern&#8221; css=&#8221;.vc_custom_1683759538680{padding-right: 0px !important;padding-left: 0px !important;}&#8221; z_index=&#8221;&#8221;][vc_column][vc_row_inner row_type=&#8221;row&#8221; type=&#8221;full_width&#8221; text_align=&#8221;left&#8221; css_animation=&#8221;&#8221; css=&#8221;.vc_custom_1683759485485{padding-right: 0px !important;padding-left: 0px !important;}&#8221;][vc_column_inner width=&#8221;1\/4&#8243; css=&#8221;.vc_custom_1683759497476{padding-right: 0px !important;padding-left: 0px !important;}&#8221;][vc_empty_space][vc_single_image image=&#8221;767&#8243; img_size=&#8221;full&#8221; alignment=&#8221;center&#8221; style=&#8221;vc_box_rounded&#8221; qode_css_animation=&#8221;element_from_left&#8221;][\/vc_column_inner][vc_column_inner width=&#8221;1\/4&#8243; css=&#8221;.vc_custom_1683759504226{padding-right: 0px !important;padding-left: 0px !important;}&#8221;][vc_empty_space][vc_single_image image=&#8221;770&#8243; img_size=&#8221;full&#8221; alignment=&#8221;center&#8221; style=&#8221;vc_box_rounded&#8221; qode_css_animation=&#8221;element_from_right&#8221;][\/vc_column_inner][vc_column_inner width=&#8221;1\/4&#8243; css=&#8221;.vc_custom_1683759511831{padding-right: 0px !important;padding-left: 0px !important;}&#8221;][vc_empty_space][vc_single_image image=&#8221;764&#8243; img_size=&#8221;full&#8221; alignment=&#8221;center&#8221; style=&#8221;vc_box_rounded&#8221; qode_css_animation=&#8221;element_from_left&#8221;][\/vc_column_inner][vc_column_inner width=&#8221;1\/4&#8243; css=&#8221;.vc_custom_1683759517721{padding-right: 0px !important;padding-left: 0px !important;}&#8221;][vc_empty_space][vc_single_image image=&#8221;769&#8243; img_size=&#8221;full&#8221; alignment=&#8221;center&#8221; style=&#8221;vc_box_rounded&#8221; qode_css_animation=&#8221;element_from_right&#8221;][\/vc_column_inner][\/vc_row_inner][\/vc_column][\/vc_row][vc_row css_animation=&#8221;&#8221; row_type=&#8221;row&#8221; use_row_as_full_screen_section=&#8221;no&#8221; type=&#8221;full_width&#8221; angled_section=&#8221;no&#8221; text_align=&#8221;left&#8221; background_image_as_pattern=&#8221;without_pattern&#8221;][vc_column][\/vc_column][\/vc_row][vc_row css_animation=&#8221;&#8221; row_type=&#8221;row&#8221; use_row_as_full_screen_section=&#8221;no&#8221; type=&#8221;full_width&#8221; angled_section=&#8221;no&#8221; text_align=&#8221;left&#8221; background_image_as_pattern=&#8221;without_pattern&#8221;][vc_column][vc_column_text]<\/p>\n<p>[\/vc_column_text][\/vc_column][\/vc_row]<\/p>\n<\/section>","protected":false},"excerpt":{"rendered":"<p>[vc_row css_animation=&#8221;&#8221; row_type=&#8221;row&#8221; use_row_as_full_screen_section=&#8221;no&#8221; type=&#8221;full_width&#8221; angled_section=&#8221;no&#8221; text_align=&#8221;left&#8221; background_image_as_pattern=&#8221;without_pattern&#8221;][vc_column css=&#8221;.vc_custom_1771441419058{margin-top: -32px !important;}&#8221; offset=&#8221;vc_hidden-sm vc_hidden-xs&#8221;][vc_raw_html]JTNDdmlkZW8lMjBhdXRvcGxheSUzRCUyMnRydWUlMjIlMjBsb29wJTNEJTIydHJ1ZSUyMiUyMG11dGVkJTNEJTIydHJ1ZSUyMiUyMHdpZHRoJTNEJTIyMTAwJTI1JTIyJTIwaGVpZ2h0JTNEJTIyMjUlMjUlMjIlMjBwbGF5c2lubGluZSUzRCUyMiUyMiUzRSUwQSUzQ3NvdXJjZSUyMHNyYyUzRCUyMmh0dHAlM0ElMkYlMkZicmFzaWxsaWtlLmNvbS5iciUyRmNhbXBhbmhhJTJGd3AtY29udGVudCUyRnVwbG9hZHMlMkZzaXRlcyUyRjclMkYyMDI2JTJGMDIlMkYwMl8yNi1CUkFTSUxMSUtFLUJhbm5lckhPTUUtMS5tcDQlMjIlMjB0eXBlJTNEJTIydmlkZW8lMkZtcDQlMjIlM0UlMEElM0MlMkZ2aWRlbyUzRQ==[\/vc_raw_html][\/vc_column][\/vc_row][vc_row css_animation=&#8221;&#8221; row_type=&#8221;row&#8221; use_row_as_full_screen_section=&#8221;no&#8221; type=&#8221;full_width&#8221; angled_section=&#8221;no&#8221; text_align=&#8221;left&#8221; background_image_as_pattern=&#8221;without_pattern&#8221;][vc_column css=&#8221;.vc_custom_1771441432815{margin-top: -32px !important;}&#8221; offset=&#8221;vc_hidden-lg vc_hidden-md&#8221;][vc_raw_html]JTNDdmlkZW8lMjBhdXRvcGxheSUzRCUyMnRydWUlMjIlMjBsb29wJTNEJTIydHJ1ZSUyMiUyMG11dGVkJTNEJTIydHJ1ZSUyMiUyMHdpZHRoJTNEJTIyMTAwJTI1JTIyJTIwaGVpZ2h0JTNEJTIyMjUlMjUlMjIlMjBwbGF5c2lubGluZSUzRCUyMiUyMiUzRSUwQSUzQ3NvdXJjZSUyMHNyYyUzRCUyMmh0dHAlM0ElMkYlMkZicmFzaWxsaWtlLmNvbS5iciUyRmNhbXBhbmhhJTJGd3AtY29udGVudCUyRnVwbG9hZHMlMkZzaXRlcyUyRjclMkYyMDI2JTJGMDIlMkYwMl8yNS1CUkFTSUxMSUtFLUJhbm5lck1vYmlsZS0xLm1wNCUyMiUyMHR5cGUlM0QlMjJ2aWRlbyUyRm1wNCUyMiUzRSUwQSUzQyUyRnZpZGVvJTNF[\/vc_raw_html][\/vc_column][\/vc_row][vc_row css_animation=&#8221;&#8221; row_type=&#8221;row&#8221; use_row_as_full_screen_section=&#8221;no&#8221; type=&#8221;grid&#8221; angled_section=&#8221;no&#8221; text_align=&#8221;center&#8221; background_image_as_pattern=&#8221;without_pattern&#8221; z_index=&#8221;&#8221;][vc_column width=&#8221;1\/4&#8243;][\/vc_column][vc_column width=&#8221;1\/4&#8243; el_class=&#8221;coluna-planos&#8221; css=&#8221;.vc_custom_1683758439928{background-color: #ffffff !important;border-radius: 15px !important;}&#8221;][vc_row_inner row_type=&#8221;row&#8221; type=&#8221;full_width&#8221; text_align=&#8221;left&#8221; css_animation=&#8221;&#8221;][vc_column_inner&#8230;<\/p>\n","protected":false},"author":1,"featured_media":0,"parent":0,"menu_order":0,"comment_status":"closed","ping_status":"closed","template":"full_width.php","meta":{"_joinchat":[],"footnotes":""},"class_list":["post-1217","page","type-page","status-publish","hentry"],"_links":{"self":[{"href":"https:\/\/brasillike.com.br\/cambuquira\/wp-json\/wp\/v2\/pages\/1217","targetHints":{"allow":["GET"]}}],"collection":[{"href":"https:\/\/brasillike.com.br\/cambuquira\/wp-json\/wp\/v2\/pages"}],"about":[{"href":"https:\/\/brasillike.com.br\/cambuquira\/wp-json\/wp\/v2\/types\/page"}],"author":[{"embeddable":true,"href":"https:\/\/brasillike.com.br\/cambuquira\/wp-json\/wp\/v2\/users\/1"}],"replies":[{"embeddable":true,"href":"https:\/\/brasillike.com.br\/cambuquira\/wp-json\/wp\/v2\/comments?post=1217"}],"version-history":[{"count":6,"href":"https:\/\/brasillike.com.br\/cambuquira\/wp-json\/wp\/v2\/pages\/1217\/revisions"}],"predecessor-version":[{"id":6366,"href":"https:\/\/brasillike.com.br\/cambuquira\/wp-json\/wp\/v2\/pages\/1217\/revisions\/6366"}],"wp:attachment":[{"href":"https:\/\/brasillike.com.br\/cambuquira\/wp-json\/wp\/v2\/media?parent=1217"}],"curies":[{"name":"wp","href":"https:\/\/api.w.org\/{rel}","templated":true}]}}