{"id":1357,"date":"2023-12-21T14:26:47","date_gmt":"2023-12-21T17:26:47","guid":{"rendered":"https:\/\/brasillike.com.br\/sao-goncalo-do-sapucai\/?page_id=1357"},"modified":"2025-11-28T18:11:25","modified_gmt":"2025-11-28T21:11:25","slug":"telefonia-residencial","status":"publish","type":"page","link":"https:\/\/brasillike.com.br\/sao-goncalo-do-sapucai\/telefonia-residencial\/","title":{"rendered":"Telefonia Residencial"},"content":{"rendered":"<section class=\"wpb-content-wrapper\"><p>[vc_row css_animation=&#8221;&#8221; row_type=&#8221;row&#8221; use_row_as_full_screen_section=&#8221;no&#8221; type=&#8221;full_width&#8221; angled_section=&#8221;no&#8221; text_align=&#8221;left&#8221; background_image_as_pattern=&#8221;without_pattern&#8221;][vc_column css=&#8221;.vc_custom_1687372137110{margin-top: -32px !important;}&#8221; offset=&#8221;vc_hidden-lg vc_hidden-md vc_hidden-sm vc_hidden-xs&#8221;][vc_raw_html]JTNDdmlkZW8lMjBhdXRvcGxheSUzRCUyMnRydWUlMjIlMjBsb29wJTNEJTIydHJ1ZSUyMiUyMG11dGVkJTNEJTIydHJ1ZSUyMiUyMHdpZHRoJTNEJTIyMTAwJTI1JTIyJTIwaGVpZ2h0JTNEJTIyMjUlMjUlMjIlMjBwbGF5c2lubGluZSUzRCUyMiUyMiUzRSUwQSUzQ3NvdXJjZSUyMHNyYyUzRCUyMmh0dHAlM0ElMkYlMkZicmFzaWxsaWtlLmRlbGlwZS5jb20uYnIlMkZ3cC1jb250ZW50JTJGdXBsb2FkcyUyRjIwMjMlMkYwNSUyRjE2ODM4Mjc0NzZfOWVmOGQwX3RlbGVmb25pYV9maXhhLm1wNCUyMiUyMHR5cGUlM0QlMjJ2aWRlbyUyRm1wNCUyMiUzRSUwQSUzQyUyRnZpZGVvJTNF[\/vc_raw_html][\/vc_column][\/vc_row][vc_row css_animation=&#8221;&#8221; row_type=&#8221;row&#8221; use_row_as_full_screen_section=&#8221;no&#8221; type=&#8221;full_width&#8221; angled_section=&#8221;no&#8221; text_align=&#8221;left&#8221; background_image_as_pattern=&#8221;without_pattern&#8221;][vc_column][vc_raw_html]JTNDdmlkZW8lMjBhdXRvcGxheSUzRCUyMnRydWUlMjIlMjBsb29wJTNEJTIydHJ1ZSUyMiUyMG11dGVkJTNEJTIydHJ1ZSUyMiUyMHdpZHRoJTNEJTIyMTAwJTI1JTIyJTIwaGVpZ2h0JTNEJTIyMjUlMjUlMjIlMjBwbGF5c2lubGluZSUzRCUyMiUyMiUzRSUwQSUzQ3NvdXJjZSUyMHNyYyUzRCUyMmh0dHBzJTNBJTJGJTJGYnJhc2lsbGlrZS5jb20uYnIlMkZjYW1wYW5oYSUyRndwLWNvbnRlbnQlMkZ1cGxvYWRzJTJGc2l0ZXMlMkY3JTJGMjAyMyUyRjEyJTJGMTcwMjkyMzEzOF82NDBhNDdfdGVsZWZvbmlhX3Jlc2lkZW5jaWFsLTEubXA0JTIyJTNFJTBBJTNDJTJGdmlkZW8lM0U=[\/vc_raw_html][\/vc_column][\/vc_row][vc_row css_animation=&#8221;&#8221; row_type=&#8221;row&#8221; use_row_as_full_screen_section=&#8221;no&#8221; type=&#8221;full_width&#8221; angled_section=&#8221;no&#8221; text_align=&#8221;center&#8221; background_image_as_pattern=&#8221;without_pattern&#8221; z_index=&#8221;&#8221;][vc_column width=&#8221;1\/3&#8243;][\/vc_column][vc_column width=&#8221;1\/3&#8243; el_class=&#8221;coluna-planos&#8221; css=&#8221;.vc_custom_1676388423781{padding-right: 5% !important;padding-left: 5% !important;background-color: #ffffff !important;border-radius: 15px !important;}&#8221;][vc_column_text]<\/p>\n<h2 style=\"text-align: center;\"><strong><span style=\"color: #009c36;\">Liga\u00e7\u00e3o Ilimitada para fixo e m\u00f3vel<\/span><\/strong><\/h2>\n<h2 style=\"text-align: center; font-size: 20px;\"><strong><span style=\"color: #009c36;\">Para todo o Brasil<\/span><\/strong><\/h2>\n<p>[\/vc_column_text][vc_column_text]<\/p>\n<div style=\"text-align: center;\">\n<h4 style=\"display: inline;\">A partir de R$<\/h4>\n<h3 style=\"display: inline; margin: 0;\"><strong><span style=\"color: #009c36;\">79,99*<\/span><\/strong><\/h3>\n<\/div>\n<p>[\/vc_column_text][vc_column_text]<\/p>\n<p style=\"text-align: center;\"><strong><span style=\"color: #a8aaad; font-size: 15px;\">*Promo\u00e7\u00e3o exclusiva para clientes que j\u00e1 possuam contratos conosco.*<\/span><\/strong><\/p>\n<p style=\"text-align: center;\"><strong><span style=\"color: #a8aaad; font-size: 15px;\">*N\u00e3o clientes: R$99,99*<\/span><\/strong><\/p>\n<div id=\"gtx-trans\" style=\"position: absolute; left: 840px; top: -8px;\">\n<div class=\"gtx-trans-icon\"><\/div>\n<\/div>\n<p>[\/vc_column_text][vc_empty_space]<a  itemprop=\"url\" href=\"https:\/\/brasillike.com.br\/sao-goncalo-do-sapucai\/assine-ja\/\" target=\"_self\"  class=\"qbutton  default\" style=\"\">Assine J\u00e1!<\/a>[vc_column_text]<\/p>\n<pre style=\"text-align: center; font-size: 10px;\"><strong><em>*Consulte condi\u00e7\u00f5es e viabilidade<\/em><\/strong><\/pre>\n<p>[\/vc_column_text][vc_empty_space][\/vc_column][vc_column width=&#8221;1\/3&#8243; el_class=&#8221;coluna-planos&#8221;][\/vc_column][\/vc_row][vc_row css_animation=&#8221;&#8221; row_type=&#8221;row&#8221; use_row_as_full_screen_section=&#8221;no&#8221; type=&#8221;grid&#8221; angled_section=&#8221;no&#8221; text_align=&#8221;left&#8221; background_image_as_pattern=&#8221;without_pattern&#8221; css=&#8221;.vc_custom_1687355613976{padding-top: 6% !important;padding-bottom: 6% !important;background-image: url(https:\/\/brasillike.com.br\/wp-content\/uploads\/2023\/06\/1687277131_3cde16_bannerapp.png?id=1314) !important;}&#8221; z_index=&#8221;&#8221;][vc_column width=&#8221;1\/3&#8243;][\/vc_column][vc_column width=&#8221;1\/3&#8243;][\/vc_column][vc_column width=&#8221;1\/3&#8243;][vc_row_inner row_type=&#8221;row&#8221; type=&#8221;full_width&#8221; text_align=&#8221;left&#8221; css_animation=&#8221;&#8221; css=&#8221;.vc_custom_1650165860774{padding-top: 5% !important;padding-bottom: 5% !important;}&#8221;][vc_column_inner css=&#8221;.vc_custom_1680788477167{margin-top: 50px !important;margin-bottom: 50px !important;}&#8221;][vc_column_text]<\/p>\n<p>Baixe Nosso App!<\/p>\n<p>[\/vc_column_text][vc_empty_space height=&#8221;16px&#8221;][vc_column_text]<\/p>\n<h3 class=\"textapp\" style=\"color: #006122;\">Com o aplicativo da Brasil Like voc\u00ea tem solu\u00e7\u00f5es r\u00e1pidas e f\u00e1ceis na palma da sua m\u00e3o.<\/h3>\n<p>[\/vc_column_text][vc_empty_space height=&#8221;24px&#8221;]<a  itemprop=\"url\" href=\"https:\/\/play.google.com\/store\/apps\/details?id=br.com.ixc.brasillike.blcliente\" target=\"_self\" data-hover-background-color='#78b6e4' data-hover-border-color='#78b6e4' data-hover-color='#ffffff' class=\"qbutton  default\" style=\"margin: 12px 12px 0px 0px; \">Baixe na Google Play<i class=\"qode_icon_font_awesome fa fa-play qode_button_icon_element\" style=\"\" ><\/i><\/a><a  itemprop=\"url\" href=\"https:\/\/apps.apple.com\/br\/app\/bl-cliente\/id1613738516\" target=\"_self\" data-hover-background-color='#78b6e4' data-hover-border-color='#78b6e4' data-hover-color='#ffffff' class=\"qbutton  default\" style=\"margin: 12px 12px 0px 0px; \">Baixe na Apple Store<i class=\"qode_icon_font_awesome fa fa-apple qode_button_icon_element\" style=\"\" ><\/i><\/a>[vc_empty_space height=&#8221;42px&#8221;][\/vc_column_inner][\/vc_row_inner][\/vc_column][\/vc_row][vc_row css_animation=&#8221;&#8221; row_type=&#8221;row&#8221; use_row_as_full_screen_section=&#8221;no&#8221; type=&#8221;full_width&#8221; angled_section=&#8221;no&#8221; text_align=&#8221;left&#8221; background_image_as_pattern=&#8221;without_pattern&#8221;][vc_column][vc_empty_space height=&#8221;64px&#8221;][\/vc_column][\/vc_row][vc_row css_animation=&#8221;&#8221; row_type=&#8221;row&#8221; use_row_as_full_screen_section=&#8221;no&#8221; type=&#8221;full_width&#8221; angled_section=&#8221;no&#8221; text_align=&#8221;left&#8221; background_image_as_pattern=&#8221;without_pattern&#8221; css=&#8221;.vc_custom_1684246192762{background-color: #009c36 !important;}&#8221; z_index=&#8221;&#8221;][vc_column][vc_empty_space][vc_row_inner row_type=&#8221;row&#8221; type=&#8221;full_width&#8221; text_align=&#8221;left&#8221; css_animation=&#8221;&#8221; css=&#8221;.vc_custom_1684253478728{margin-right: 15% !important;margin-left: 15% !important;}&#8221;][vc_column_inner][vc_column_text css=&#8221;.vc_custom_1684246641737{margin-bottom: 20px !important;}&#8221;]<\/p>\n<h4 style=\"text-align: center;\"><strong><span style=\"color: white;\">Consulte a cobertura da Brasil Like no seu endere\u00e7o:<\/span><\/strong><\/h4>\n<p>[\/vc_column_text]\n<div class=\"wpcf7 no-js\" id=\"wpcf7-f1060-o1\" lang=\"pt-BR\" dir=\"ltr\" data-wpcf7-id=\"1060\">\n<div class=\"screen-reader-response\"><p role=\"status\" aria-live=\"polite\" aria-atomic=\"true\"><\/p> <ul><\/ul><\/div>\n<form action=\"\/sao-goncalo-do-sapucai\/wp-json\/wp\/v2\/pages\/1357#wpcf7-f1060-o1\" method=\"post\" class=\"wpcf7-form init cf7_custom_style_1\" aria-label=\"Formul\u00e1rios de contato\" novalidate=\"novalidate\" data-status=\"init\">\n<fieldset class=\"hidden-fields-container\"><input type=\"hidden\" name=\"_wpcf7\" value=\"1060\" \/><input type=\"hidden\" name=\"_wpcf7_version\" value=\"6.1.4\" \/><input type=\"hidden\" name=\"_wpcf7_locale\" value=\"pt_BR\" \/><input type=\"hidden\" name=\"_wpcf7_unit_tag\" value=\"wpcf7-f1060-o1\" \/><input type=\"hidden\" name=\"_wpcf7_container_post\" value=\"0\" \/><input type=\"hidden\" name=\"_wpcf7_posted_data_hash\" value=\"\" \/><input type=\"hidden\" name=\"_wpcf7cf_hidden_group_fields\" value=\"[]\" \/><input type=\"hidden\" name=\"_wpcf7cf_hidden_groups\" value=\"[]\" \/><input type=\"hidden\" name=\"_wpcf7cf_visible_groups\" value=\"[]\" \/><input type=\"hidden\" name=\"_wpcf7cf_repeaters\" value=\"[]\" \/><input type=\"hidden\" name=\"_wpcf7cf_steps\" value=\"{}\" \/><input type=\"hidden\" name=\"_wpcf7cf_options\" value=\"{&quot;form_id&quot;:1060,&quot;conditions&quot;:[],&quot;settings&quot;:{&quot;animation&quot;:&quot;yes&quot;,&quot;animation_intime&quot;:200,&quot;animation_outtime&quot;:200,&quot;conditions_ui&quot;:&quot;normal&quot;,&quot;notice_dismissed&quot;:false,&quot;notice_dismissed_update-cf7-5.8&quot;:true,&quot;notice_dismissed_rollback-cf7-5.8.3&quot;:true}}\" \/>\n<\/fieldset>\n<div class=\"four_columns clearfix\">\n\t<div class=\"column1\">\n\t\t<div class=\"column_inner\">\n\t\t\t<p><span class=\"wpcf7-form-control-wrap\" data-name=\"end\"><input size=\"40\" maxlength=\"400\" class=\"wpcf7-form-control wpcf7-text wpcf7-validates-as-required\" aria-required=\"true\" aria-invalid=\"false\" placeholder=\"Endere\u00e7o Completo:\" value=\"\" type=\"text\" name=\"end\" \/><\/span>\n\t\t\t<\/p>\n\t\t\t<p><span class=\"wpcf7-form-control-wrap\" data-name=\"email\"><input size=\"40\" maxlength=\"400\" class=\"wpcf7-form-control wpcf7-email wpcf7-validates-as-required wpcf7-text wpcf7-validates-as-email\" aria-required=\"true\" aria-invalid=\"false\" placeholder=\"Email:\" value=\"\" type=\"email\" name=\"email\" \/><\/span>\n\t\t\t<\/p>\n\t\t<\/div>\n\t<\/div>\n\t<div class=\"column2\">\n\t\t<div class=\"column_inner\">\n\t\t\t<p><span class=\"wpcf7-form-control-wrap\" data-name=\"ncasa\"><input size=\"40\" maxlength=\"400\" class=\"wpcf7-form-control wpcf7-text wpcf7-validates-as-required\" aria-required=\"true\" aria-invalid=\"false\" placeholder=\"N\u00famero da Casa:\" value=\"\" type=\"text\" name=\"ncasa\" \/><\/span>\n\t\t\t<\/p>\n\t\t\t<p><span class=\"wpcf7-form-control-wrap\" data-name=\"cep\"><input size=\"40\" maxlength=\"400\" class=\"wpcf7-form-control wpcf7-text wpcf7-validates-as-required\" aria-required=\"true\" aria-invalid=\"false\" placeholder=\"CEP:\" value=\"\" type=\"text\" name=\"cep\" \/><\/span>\n\t\t\t<\/p>\n\t\t<\/div>\n\t<\/div>\n\t<div class=\"column3\">\n\t\t<div class=\"column_inner\">\n\t\t\t<p><span class=\"wpcf7-form-control-wrap\" data-name=\"celular\"><input size=\"40\" maxlength=\"400\" class=\"wpcf7-form-control wpcf7-text wpcf7-validates-as-required\" aria-required=\"true\" aria-invalid=\"false\" placeholder=\"Celular:\" value=\"\" type=\"text\" name=\"celular\" \/><\/span>\n\t\t\t<\/p>\n\t\t<\/div>\n\t<\/div>\n\t<div class=\"column4\">\n\t\t<div class=\"column_inner\">\n\t\t\t<p><input class=\"wpcf7-form-control wpcf7-submit has-spinner\" type=\"submit\" value=\"Consultar\" \/>\n\t\t\t<\/p>\n\t\t<\/div>\n\t<\/div>\n<\/div><p style=\"display: none !important;\" class=\"akismet-fields-container\" data-prefix=\"_wpcf7_ak_\"><label>&#916;<textarea name=\"_wpcf7_ak_hp_textarea\" cols=\"45\" rows=\"8\" maxlength=\"100\"><\/textarea><\/label><input type=\"hidden\" id=\"ak_js_1\" name=\"_wpcf7_ak_js\" value=\"23\"\/><script>document.getElementById( \"ak_js_1\" ).setAttribute( \"value\", ( new Date() ).getTime() );<\/script><\/p><div class=\"wpcf7-response-output\" aria-hidden=\"true\"><\/div>\n<\/form>\n<\/div>\n[vc_empty_space][\/vc_column_inner][\/vc_row_inner][\/vc_column][\/vc_row][vc_row css_animation=&#8221;&#8221; row_type=&#8221;row&#8221; use_row_as_full_screen_section=&#8221;no&#8221; type=&#8221;full_width&#8221; angled_section=&#8221;no&#8221; text_align=&#8221;left&#8221; background_image_as_pattern=&#8221;without_pattern&#8221;][vc_column][vc_column_text]<\/p>\n<p>[\/vc_column_text][\/vc_column][\/vc_row]<\/p>\n<\/section>","protected":false},"excerpt":{"rendered":"<p>[vc_row css_animation=&#8221;&#8221; row_type=&#8221;row&#8221; use_row_as_full_screen_section=&#8221;no&#8221; type=&#8221;full_width&#8221; angled_section=&#8221;no&#8221; text_align=&#8221;left&#8221; background_image_as_pattern=&#8221;without_pattern&#8221;][vc_column css=&#8221;.vc_custom_1687372137110{margin-top: -32px !important;}&#8221; offset=&#8221;vc_hidden-lg vc_hidden-md vc_hidden-sm vc_hidden-xs&#8221;][vc_raw_html]JTNDdmlkZW8lMjBhdXRvcGxheSUzRCUyMnRydWUlMjIlMjBsb29wJTNEJTIydHJ1ZSUyMiUyMG11dGVkJTNEJTIydHJ1ZSUyMiUyMHdpZHRoJTNEJTIyMTAwJTI1JTIyJTIwaGVpZ2h0JTNEJTIyMjUlMjUlMjIlMjBwbGF5c2lubGluZSUzRCUyMiUyMiUzRSUwQSUzQ3NvdXJjZSUyMHNyYyUzRCUyMmh0dHAlM0ElMkYlMkZicmFzaWxsaWtlLmRlbGlwZS5jb20uYnIlMkZ3cC1jb250ZW50JTJGdXBsb2FkcyUyRjIwMjMlMkYwNSUyRjE2ODM4Mjc0NzZfOWVmOGQwX3RlbGVmb25pYV9maXhhLm1wNCUyMiUyMHR5cGUlM0QlMjJ2aWRlbyUyRm1wNCUyMiUzRSUwQSUzQyUyRnZpZGVvJTNF[\/vc_raw_html][\/vc_column][\/vc_row][vc_row css_animation=&#8221;&#8221; row_type=&#8221;row&#8221; use_row_as_full_screen_section=&#8221;no&#8221; type=&#8221;full_width&#8221; angled_section=&#8221;no&#8221; text_align=&#8221;left&#8221; background_image_as_pattern=&#8221;without_pattern&#8221;][vc_column][vc_raw_html]JTNDdmlkZW8lMjBhdXRvcGxheSUzRCUyMnRydWUlMjIlMjBsb29wJTNEJTIydHJ1ZSUyMiUyMG11dGVkJTNEJTIydHJ1ZSUyMiUyMHdpZHRoJTNEJTIyMTAwJTI1JTIyJTIwaGVpZ2h0JTNEJTIyMjUlMjUlMjIlMjBwbGF5c2lubGluZSUzRCUyMiUyMiUzRSUwQSUzQ3NvdXJjZSUyMHNyYyUzRCUyMmh0dHBzJTNBJTJGJTJGYnJhc2lsbGlrZS5jb20uYnIlMkZjYW1wYW5oYSUyRndwLWNvbnRlbnQlMkZ1cGxvYWRzJTJGc2l0ZXMlMkY3JTJGMjAyMyUyRjEyJTJGMTcwMjkyMzEzOF82NDBhNDdfdGVsZWZvbmlhX3Jlc2lkZW5jaWFsLTEubXA0JTIyJTNFJTBBJTNDJTJGdmlkZW8lM0U=[\/vc_raw_html][\/vc_column][\/vc_row][vc_row css_animation=&#8221;&#8221; row_type=&#8221;row&#8221; use_row_as_full_screen_section=&#8221;no&#8221; type=&#8221;full_width&#8221; angled_section=&#8221;no&#8221; text_align=&#8221;center&#8221; background_image_as_pattern=&#8221;without_pattern&#8221; z_index=&#8221;&#8221;][vc_column width=&#8221;1\/3&#8243;][\/vc_column][vc_column width=&#8221;1\/3&#8243; el_class=&#8221;coluna-planos&#8221; css=&#8221;.vc_custom_1676388423781{padding-right: 5% !important;padding-left: 5% !important;background-color: #ffffff !important;border-radius: 15px !important;}&#8221;][vc_column_text] Liga\u00e7\u00e3o Ilimitada para&#8230;<\/p>\n","protected":false},"author":1,"featured_media":0,"parent":0,"menu_order":0,"comment_status":"closed","ping_status":"closed","template":"full_width.php","meta":{"_joinchat":[],"footnotes":""},"class_list":["post-1357","page","type-page","status-publish","hentry"],"_links":{"self":[{"href":"https:\/\/brasillike.com.br\/sao-goncalo-do-sapucai\/wp-json\/wp\/v2\/pages\/1357","targetHints":{"allow":["GET"]}}],"collection":[{"href":"https:\/\/brasillike.com.br\/sao-goncalo-do-sapucai\/wp-json\/wp\/v2\/pages"}],"about":[{"href":"https:\/\/brasillike.com.br\/sao-goncalo-do-sapucai\/wp-json\/wp\/v2\/types\/page"}],"author":[{"embeddable":true,"href":"https:\/\/brasillike.com.br\/sao-goncalo-do-sapucai\/wp-json\/wp\/v2\/users\/1"}],"replies":[{"embeddable":true,"href":"https:\/\/brasillike.com.br\/sao-goncalo-do-sapucai\/wp-json\/wp\/v2\/comments?post=1357"}],"version-history":[{"count":15,"href":"https:\/\/brasillike.com.br\/sao-goncalo-do-sapucai\/wp-json\/wp\/v2\/pages\/1357\/revisions"}],"predecessor-version":[{"id":1672,"href":"https:\/\/brasillike.com.br\/sao-goncalo-do-sapucai\/wp-json\/wp\/v2\/pages\/1357\/revisions\/1672"}],"wp:attachment":[{"href":"https:\/\/brasillike.com.br\/sao-goncalo-do-sapucai\/wp-json\/wp\/v2\/media?parent=1357"}],"curies":[{"name":"wp","href":"https:\/\/api.w.org\/{rel}","templated":true}]}}