{"id":215,"date":"2018-01-05T14:25:59","date_gmt":"2018-01-05T14:25:59","guid":{"rendered":"http:\/\/bridge124.qodeinteractive.com\/?page_id=215"},"modified":"2026-02-18T16:17:54","modified_gmt":"2026-02-18T19:17:54","slug":"planos","status":"publish","type":"page","link":"https:\/\/brasillike.com.br\/sao-goncalo-do-sapucai\/planos\/","title":{"rendered":"Planos Internet"},"content":{"rendered":"<section class=\"wpb-content-wrapper\"><p>[vc_row css_animation=&#8221;&#8221; row_type=&#8221;row&#8221; use_row_as_full_screen_section=&#8221;no&#8221; type=&#8221;full_width&#8221; angled_section=&#8221;no&#8221; text_align=&#8221;left&#8221; background_image_as_pattern=&#8221;without_pattern&#8221;][vc_column css=&#8221;.vc_custom_1771441419058{margin-top: -32px !important;}&#8221; offset=&#8221;vc_hidden-sm vc_hidden-xs&#8221;][vc_raw_html]JTNDdmlkZW8lMjBhdXRvcGxheSUzRCUyMnRydWUlMjIlMjBsb29wJTNEJTIydHJ1ZSUyMiUyMG11dGVkJTNEJTIydHJ1ZSUyMiUyMHdpZHRoJTNEJTIyMTAwJTI1JTIyJTIwaGVpZ2h0JTNEJTIyMjUlMjUlMjIlMjBwbGF5c2lubGluZSUzRCUyMiUyMiUzRSUwQSUzQ3NvdXJjZSUyMHNyYyUzRCUyMmh0dHAlM0ElMkYlMkZicmFzaWxsaWtlLmNvbS5iciUyRmNhbXBhbmhhJTJGd3AtY29udGVudCUyRnVwbG9hZHMlMkZzaXRlcyUyRjclMkYyMDI2JTJGMDIlMkYwMl8yNi1CUkFTSUxMSUtFLUJhbm5lckhPTUUtMS5tcDQlMjIlMjB0eXBlJTNEJTIydmlkZW8lMkZtcDQlMjIlM0UlMEElM0MlMkZ2aWRlbyUzRQ==[\/vc_raw_html][\/vc_column][\/vc_row][vc_row css_animation=&#8221;&#8221; row_type=&#8221;row&#8221; use_row_as_full_screen_section=&#8221;no&#8221; type=&#8221;full_width&#8221; angled_section=&#8221;no&#8221; text_align=&#8221;left&#8221; background_image_as_pattern=&#8221;without_pattern&#8221;][vc_column css=&#8221;.vc_custom_1771441432815{margin-top: -32px !important;}&#8221; offset=&#8221;vc_hidden-lg vc_hidden-md&#8221;][vc_raw_html]JTNDdmlkZW8lMjBhdXRvcGxheSUzRCUyMnRydWUlMjIlMjBsb29wJTNEJTIydHJ1ZSUyMiUyMG11dGVkJTNEJTIydHJ1ZSUyMiUyMHdpZHRoJTNEJTIyMTAwJTI1JTIyJTIwaGVpZ2h0JTNEJTIyMjUlMjUlMjIlMjBwbGF5c2lubGluZSUzRCUyMiUyMiUzRSUwQSUzQ3NvdXJjZSUyMHNyYyUzRCUyMmh0dHAlM0ElMkYlMkZicmFzaWxsaWtlLmNvbS5iciUyRmNhbXBhbmhhJTJGd3AtY29udGVudCUyRnVwbG9hZHMlMkZzaXRlcyUyRjclMkYyMDI2JTJGMDIlMkYwMl8yNS1CUkFTSUxMSUtFLUJhbm5lck1vYmlsZS0xLm1wNCUyMiUyMHR5cGUlM0QlMjJ2aWRlbyUyRm1wNCUyMiUzRSUwQSUzQyUyRnZpZGVvJTNF[\/vc_raw_html][\/vc_column][\/vc_row][vc_row css_animation=&#8221;&#8221; row_type=&#8221;row&#8221; use_row_as_full_screen_section=&#8221;no&#8221; type=&#8221;grid&#8221; angled_section=&#8221;no&#8221; text_align=&#8221;center&#8221; background_image_as_pattern=&#8221;without_pattern&#8221; z_index=&#8221;&#8221;][vc_column width=&#8221;1\/4&#8243; el_class=&#8221;coluna-planos&#8221; css=&#8221;.vc_custom_1734707146647{background-color: #ffffff !important;border-radius: 15px !important;}&#8221;][vc_row_inner row_type=&#8221;row&#8221; type=&#8221;full_width&#8221; text_align=&#8221;left&#8221; css_animation=&#8221;&#8221;][vc_column_inner width=&#8221;1\/2&#8243;][vc_column_text]<\/p>\n<h3 style=\"text-align: center;\"><strong><span style=\"color: #009c36;\">400<\/span><\/strong><\/h3>\n<h4 style=\"text-align: center;\">MEGA<\/h4>\n<p>[\/vc_column_text][\/vc_column_inner][vc_column_inner width=&#8221;1\/2&#8243;][vc_column_text]<\/p>\n<h4 style=\"text-align: center;\">R$<\/h4>\n<h3 style=\"text-align: center;\"><strong><span style=\"color: #009c36;\">99,99<\/span><\/strong><\/h3>\n<p>[\/vc_column_text][\/vc_column_inner][\/vc_row_inner][vc_empty_space height=&#8221;16px&#8221;][vc_row_inner row_type=&#8221;row&#8221; type=&#8221;full_width&#8221; text_align=&#8221;left&#8221; css_animation=&#8221;&#8221;][vc_column_inner][vc_column_text]<\/p>\n<p style=\"padding-left: 40px;\"><strong><span style=\"display: flex; align-items: center;\"><img decoding=\"async\" style=\"width: 40px; height: 40px; margin-right: 6px;\" src=\"https:\/\/brasillike.com.br\/wp-content\/uploads\/2025\/06\/wifi-signal.png\" \/><\/span><\/strong><\/p>\n<p style=\"padding-left: 40px;\"><strong><span style=\"display: flex; align-items: center;\"><strong style=\"display: inline !important;\">Wi-fi 6<\/strong><\/span><\/strong><\/p>\n<p>&nbsp;<\/p>\n<p style=\"padding-left: 40px;\"><strong><span style=\"display: flex; align-items: center;\"><img decoding=\"async\" style=\"width: 40px; height: 40px; margin-right: 6px;\" src=\"https:\/\/brasillike.com.br\/wp-content\/uploads\/2025\/06\/tools.png\" \/><\/span><\/strong><span style=\"display: flex; align-items: center;\"><strong>Instala\u00e7\u00e3o\u00a0Gr\u00e1tis<\/strong><\/span><\/p>\n<p>&nbsp;<\/p>\n<p style=\"padding-left: 40px;\"><strong><span style=\"display: flex; align-items: center;\"><img decoding=\"async\" style=\"width: 40px; height: 40px; margin-right: 6px;\" src=\"https:\/\/brasillike.com.br\/wp-content\/uploads\/2025\/06\/tv.png\" \/><\/span><\/strong><span style=\"display: flex; align-items: center;\"><strong>App TV Start com 94 canais<\/strong><\/span><\/p>\n<p>[\/vc_column_text][\/vc_column_inner][\/vc_row_inner][vc_empty_space]<a  itemprop=\"url\" href=\"https:\/\/api.whatsapp.com\/send?phone=5508001313000\" target=\"_self\"  class=\"qbutton  default\" style=\"\">Saiba Mais!<\/a>[vc_empty_space][\/vc_column][vc_column width=&#8221;1\/4&#8243; el_class=&#8221;coluna-planos&#8221; css=&#8221;.vc_custom_1734707141031{background-color: #ffffff !important;border-radius: 15px !important;}&#8221;][vc_row_inner row_type=&#8221;row&#8221; type=&#8221;full_width&#8221; text_align=&#8221;left&#8221; css_animation=&#8221;&#8221;][vc_column_inner width=&#8221;1\/2&#8243;][vc_column_text]<\/p>\n<h3 style=\"text-align: center;\"><strong><span style=\"color: #009c36;\">600<\/span><\/strong><\/h3>\n<h4 style=\"text-align: center;\">MEGA<\/h4>\n<p>[\/vc_column_text][\/vc_column_inner][vc_column_inner width=&#8221;1\/2&#8243;][vc_column_text]<\/p>\n<h4 style=\"text-align: center;\">R$<\/h4>\n<h3 style=\"text-align: center;\"><strong><span style=\"color: #009c36;\">129,99<\/span><\/strong><\/h3>\n<p>[\/vc_column_text][\/vc_column_inner][\/vc_row_inner][vc_empty_space height=&#8221;16px&#8221;][vc_row_inner row_type=&#8221;row&#8221; type=&#8221;full_width&#8221; text_align=&#8221;left&#8221; css_animation=&#8221;&#8221;][vc_column_inner][vc_column_text]<\/p>\n<p style=\"padding-left: 40px;\"><strong><span style=\"display: flex; align-items: center;\"><img decoding=\"async\" style=\"width: 40px; height: 40px; margin-right: 6px;\" src=\"https:\/\/brasillike.com.br\/wp-content\/uploads\/2025\/06\/wifi-signal.png\" \/><\/span><\/strong><\/p>\n<p style=\"padding-left: 40px;\"><strong><span style=\"display: flex; align-items: center;\"><strong style=\"display: inline !important;\">Wi-fi 6<\/strong><\/span><\/strong><\/p>\n<p>&nbsp;<\/p>\n<p style=\"padding-left: 40px;\"><strong><span style=\"display: flex; align-items: center;\"><img decoding=\"async\" style=\"width: 40px; height: 40px; margin-right: 6px;\" src=\"https:\/\/brasillike.com.br\/wp-content\/uploads\/2025\/06\/tools.png\" \/><\/span><\/strong><span style=\"display: flex; align-items: center;\"><strong>Instala\u00e7\u00e3o\u00a0Gr\u00e1tis<\/strong><\/span><\/p>\n<p>&nbsp;<\/p>\n<p style=\"padding-left: 40px;\"><strong><span style=\"display: flex; align-items: center;\"><img decoding=\"async\" style=\"width: 40px; height: 40px; margin-right: 6px;\" src=\"https:\/\/brasillike.com.br\/wp-content\/uploads\/2025\/06\/tv.png\" \/><\/span><\/strong><span style=\"display: flex; align-items: center;\"><strong>App TV Start com 94 canais<\/strong><\/span><\/p>\n<p>[\/vc_column_text][\/vc_column_inner][\/vc_row_inner][vc_empty_space]<a  itemprop=\"url\" href=\"https:\/\/api.whatsapp.com\/send?phone=5508001313000\" target=\"_self\"  class=\"qbutton  default\" style=\"\">Saiba Mais!<\/a>[vc_empty_space][\/vc_column][vc_column width=&#8221;1\/4&#8243; el_class=&#8221;coluna-planos&#8221; css=&#8221;.vc_custom_1770031120514{background-color: #c2d838 !important;border-radius: 15px !important;}&#8221;][vc_single_image image=&#8221;6427&#8243; img_size=&#8221;90&#215;128&#8243; alignment=&#8221;right&#8221; qode_css_animation=&#8221;&#8221; css=&#8221;.vc_custom_1770045365209{margin-top: -30% !important;margin-right: -17% !important;}&#8221;][vc_row_inner row_type=&#8221;row&#8221; type=&#8221;full_width&#8221; text_align=&#8221;left&#8221; css_animation=&#8221;&#8221; css=&#8221;.vc_custom_1770032365701{margin-top: -15% !important;}&#8221;][vc_column_inner width=&#8221;1\/2&#8243;][vc_column_text]<\/p>\n<h3 style=\"text-align: center;\"><span style=\"color: #003444;\"><strong>800<\/strong><\/span><\/h3>\n<h4 style=\"text-align: center;\"><span style=\"color: #003444;\">MEGA<\/span><\/h4>\n<p>[\/vc_column_text][\/vc_column_inner][vc_column_inner width=&#8221;1\/2&#8243;][vc_column_text]<\/p>\n<h4 style=\"text-align: center;\"><span style=\"color: #003444;\">R$<\/span><\/h4>\n<h3 style=\"text-align: center;\"><span style=\"color: #003444;\"><strong>149,99<\/strong><\/span><\/h3>\n<p>[\/vc_column_text][\/vc_column_inner][\/vc_row_inner][vc_empty_space height=&#8221;16px&#8221;][vc_row_inner row_type=&#8221;row&#8221; type=&#8221;full_width&#8221; text_align=&#8221;left&#8221; css_animation=&#8221;&#8221;][vc_column_inner][vc_column_text]<\/p>\n<p style=\"padding-left: 40px;\"><span style=\"color: #003444;\"><strong><span style=\"display: flex; align-items: center;\"><img decoding=\"async\" style=\"width: 40px; height: 40px; margin-right: 6px;\" src=\"http:\/\/brasillike.com.br\/campanha\/wp-content\/uploads\/sites\/7\/2026\/02\/wifi-signal.png\" \/><\/span><\/strong><\/span><\/p>\n<p style=\"padding-left: 40px;\"><span style=\"color: #003444;\"><strong><span style=\"display: flex; align-items: center;\"><strong style=\"display: inline !important;\">Wi-fi 6\u00a0<\/strong><\/span><\/strong><\/span><\/p>\n<p>&nbsp;<\/p>\n<p style=\"padding-left: 40px;\"><span style=\"color: #003444;\"><strong><span style=\"display: flex; align-items: center;\"><img decoding=\"async\" style=\"width: 40px; height: 40px; margin-right: 6px;\" src=\"http:\/\/brasillike.com.br\/campanha\/wp-content\/uploads\/sites\/7\/2026\/02\/Group.png\" \/><\/span><\/strong><span style=\"display: flex; align-items: center;\"><strong>Instala\u00e7\u00e3o\u00a0Gr\u00e1tis<\/strong><\/span><\/span><\/p>\n<p>&nbsp;<\/p>\n<p style=\"padding-left: 40px;\"><span style=\"color: #003444;\"><strong><span style=\"display: flex; align-items: center;\"><img decoding=\"async\" style=\"width: 38px; height: 30px; margin-right: 6px;\" src=\"http:\/\/brasillike.com.br\/campanha\/wp-content\/uploads\/sites\/7\/2026\/02\/Group-1.png\" \/><\/span><\/strong><span style=\"display: flex; align-items: center;\"><strong>App TV Start com 94 canais<\/strong><\/span><\/span><\/p>\n<p>[\/vc_column_text][\/vc_column_inner][\/vc_row_inner][vc_empty_space height=&#8221;40px&#8221;]<a  itemprop=\"url\" href=\"https:\/\/api.whatsapp.com\/send?phone=5508001313000\" target=\"_self\"  class=\"qbutton  default\" style=\"\">Saiba Mais!<\/a>[vc_empty_space][\/vc_column][vc_column width=&#8221;1\/4&#8243; el_class=&#8221;coluna-planos&#8221; css=&#8221;.vc_custom_1734707340514{background-color: #ffffff !important;border-radius: 15px !important;}&#8221;][vc_row_inner row_type=&#8221;row&#8221; type=&#8221;full_width&#8221; text_align=&#8221;left&#8221; css_animation=&#8221;&#8221;][vc_column_inner width=&#8221;1\/2&#8243;][vc_column_text]<\/p>\n<h3 style=\"text-align: center;\"><strong><span style=\"color: #009c36;\">900<\/span><\/strong><\/h3>\n<h4 style=\"text-align: center;\">MEGA<\/h4>\n<p>[\/vc_column_text][\/vc_column_inner][vc_column_inner width=&#8221;1\/2&#8243;][vc_column_text]<\/p>\n<h4 style=\"text-align: center;\">R$<\/h4>\n<h3 style=\"text-align: center;\"><strong><span style=\"color: #009c36;\">199,99<\/span><\/strong><\/h3>\n<p>[\/vc_column_text][\/vc_column_inner][\/vc_row_inner][vc_empty_space height=&#8221;16px&#8221;][vc_row_inner row_type=&#8221;row&#8221; type=&#8221;full_width&#8221; text_align=&#8221;left&#8221; css_animation=&#8221;&#8221;][vc_column_inner][vc_column_text]<\/p>\n<p style=\"padding-left: 40px;\"><strong><span style=\"display: flex; align-items: center;\"><img decoding=\"async\" style=\"width: 40px; height: 40px; margin-right: 6px;\" src=\"https:\/\/brasillike.com.br\/wp-content\/uploads\/2025\/06\/wifi-signal.png\" \/><\/span><\/strong><\/p>\n<p style=\"padding-left: 40px;\"><strong><span style=\"display: flex; align-items: center;\"><strong style=\"display: inline !important;\">Wi-fi 6<\/strong><\/span><\/strong><\/p>\n<p>&nbsp;<\/p>\n<p style=\"padding-left: 40px;\"><strong><span style=\"display: flex; align-items: center;\"><img decoding=\"async\" style=\"width: 40px; height: 40px; margin-right: 6px;\" src=\"https:\/\/brasillike.com.br\/wp-content\/uploads\/2025\/06\/tools.png\" \/><\/span><\/strong><span style=\"display: flex; align-items: center;\"><strong>Instala\u00e7\u00e3o\u00a0Gr\u00e1tis<\/strong><\/span><\/p>\n<p>&nbsp;<\/p>\n<p style=\"padding-left: 40px;\"><strong><span style=\"display: flex; align-items: center;\"><img decoding=\"async\" style=\"width: 40px; height: 40px; margin-right: 6px;\" src=\"https:\/\/brasillike.com.br\/wp-content\/uploads\/2025\/06\/tv.png\" \/><\/span><\/strong><span style=\"display: flex; align-items: center;\"><strong>App TV Start com 94 canais<\/strong><\/span><\/p>\n<p>[\/vc_column_text][\/vc_column_inner][\/vc_row_inner][vc_empty_space]<a  itemprop=\"url\" href=\"https:\/\/api.whatsapp.com\/send?phone=5508001313000\" target=\"_self\"  class=\"qbutton  default\" style=\"\">Saiba Mais!<\/a>[vc_empty_space][\/vc_column][\/vc_row][vc_row css_animation=&#8221;&#8221; row_type=&#8221;row&#8221; use_row_as_full_screen_section=&#8221;no&#8221; type=&#8221;full_width&#8221; angled_section=&#8221;no&#8221; text_align=&#8221;left&#8221; background_image_as_pattern=&#8221;without_pattern&#8221; css=&#8221;.vc_custom_1711549541813{margin-top: 100px !important;}&#8221; z_index=&#8221;&#8221;][vc_column][vc_column_text]<\/p>\n<div class=\"c-13d22d5d c-1921ebc6\">\n<h2 style=\"text-align: center; color: black;\">A internet de S\u00e3o Gon\u00e7alo de Sapuca\u00ed \u00e9 boa?<\/h2>\n<\/div>\n<p>[\/vc_column_text][\/vc_column][\/vc_row][vc_row css_animation=&#8221;&#8221; row_type=&#8221;row&#8221; use_row_as_full_screen_section=&#8221;no&#8221; type=&#8221;full_width&#8221; angled_section=&#8221;no&#8221; text_align=&#8221;left&#8221; background_image_as_pattern=&#8221;without_pattern&#8221; css=&#8221;.vc_custom_1711546908224{margin-top: 20px !important;}&#8221; z_index=&#8221;&#8221;][vc_column][vc_column_text]<\/p>\n<div class=\"c17274b87 c-1921ebc6\">\n<p style=\"text-align: center;\">Para ajudar a responder d\u00favidas como essa, o MelhorPlano.net elege anualmente os melhores provedores de internet banda larga com base em dados de velocidade e qualidade da conex\u00e3o.<\/p>\n<p style=\"text-align: center;\">Confira as categorias em que o provedor venceu:<\/p>\n<\/div>\n<p>[\/vc_column_text][\/vc_column][\/vc_row][vc_row css_animation=&#8221;&#8221; row_type=&#8221;row&#8221; use_row_as_full_screen_section=&#8221;no&#8221; type=&#8221;full_width&#8221; angled_section=&#8221;no&#8221; text_align=&#8221;left&#8221; background_image_as_pattern=&#8221;without_pattern&#8221; css=&#8221;.vc_custom_1711547142394{margin-top: 50px !important;margin-bottom: 100px !important;}&#8221; z_index=&#8221;&#8221;][vc_column width=&#8221;1\/4&#8243;][vc_single_image image=&#8221;1509&#8243; img_size=&#8221;full&#8221; onclick=&#8221;custom_link&#8221; img_link_target=&#8221;_blank&#8221; qode_css_animation=&#8221;&#8221; css=&#8221;.vc_custom_1734713261813{margin-top: 20px !important;margin-right: 20px !important;margin-bottom: 20px !important;margin-left: 20px !important;}&#8221; link=&#8221;https:\/\/melhorplano.net\/provedores\/brasil-like#qualidade_internet&#8221;][\/vc_column][vc_column width=&#8221;1\/4&#8243;][vc_single_image image=&#8221;1508&#8243; img_size=&#8221;full&#8221; onclick=&#8221;custom_link&#8221; img_link_target=&#8221;_blank&#8221; qode_css_animation=&#8221;&#8221; css=&#8221;.vc_custom_1734713268242{margin-top: 20px !important;margin-right: 20px !important;margin-bottom: 20px !important;margin-left: 20px !important;}&#8221; link=&#8221;https:\/\/melhorplano.net\/provedores\/brasil-like#qualidade_internet&#8221;][\/vc_column][vc_column width=&#8221;1\/4&#8243;][vc_single_image image=&#8221;1507&#8243; img_size=&#8221;full&#8221; onclick=&#8221;custom_link&#8221; img_link_target=&#8221;_blank&#8221; qode_css_animation=&#8221;&#8221; css=&#8221;.vc_custom_1734713274285{margin-top: 25px !important;margin-right: 10px !important;margin-bottom: 10px !important;margin-left: 10px !important;}&#8221; link=&#8221;https:\/\/melhorplano.net\/provedores\/brasil-like#qualidade_internet&#8221;][\/vc_column][vc_column width=&#8221;1\/4&#8243;][vc_single_image image=&#8221;1510&#8243; img_size=&#8221;full&#8221; onclick=&#8221;custom_link&#8221; img_link_target=&#8221;_blank&#8221; qode_css_animation=&#8221;&#8221; css=&#8221;.vc_custom_1734713282087{margin-top: 20px !important;margin-right: 20px !important;margin-bottom: 20px !important;margin-left: 20px !important;}&#8221; link=&#8221;https:\/\/melhorplano.net\/provedores\/brasil-like#qualidade_internet&#8221;][\/vc_column][\/vc_row][vc_row css_animation=&#8221;&#8221; row_type=&#8221;row&#8221; use_row_as_full_screen_section=&#8221;no&#8221; type=&#8221;full_width&#8221; angled_section=&#8221;no&#8221; text_align=&#8221;center&#8221; background_image_as_pattern=&#8221;without_pattern&#8221; css=&#8221;.vc_custom_1683759538680{padding-right: 0px !important;padding-left: 0px !important;}&#8221; z_index=&#8221;&#8221;][vc_column][vc_row_inner row_type=&#8221;row&#8221; type=&#8221;full_width&#8221; text_align=&#8221;left&#8221; css_animation=&#8221;&#8221; css=&#8221;.vc_custom_1683759485485{padding-right: 0px !important;padding-left: 0px !important;}&#8221;][vc_column_inner width=&#8221;1\/4&#8243; css=&#8221;.vc_custom_1683759497476{padding-right: 0px !important;padding-left: 0px !important;}&#8221;][vc_empty_space][vc_single_image image=&#8221;767&#8243; img_size=&#8221;full&#8221; alignment=&#8221;center&#8221; style=&#8221;vc_box_rounded&#8221; qode_css_animation=&#8221;element_from_left&#8221;][\/vc_column_inner][vc_column_inner width=&#8221;1\/4&#8243; css=&#8221;.vc_custom_1683759504226{padding-right: 0px !important;padding-left: 0px !important;}&#8221;][vc_empty_space][vc_single_image image=&#8221;770&#8243; img_size=&#8221;full&#8221; alignment=&#8221;center&#8221; style=&#8221;vc_box_rounded&#8221; qode_css_animation=&#8221;element_from_right&#8221;][\/vc_column_inner][vc_column_inner width=&#8221;1\/4&#8243; css=&#8221;.vc_custom_1683759511831{padding-right: 0px !important;padding-left: 0px !important;}&#8221;][vc_empty_space][vc_single_image image=&#8221;764&#8243; img_size=&#8221;full&#8221; alignment=&#8221;center&#8221; style=&#8221;vc_box_rounded&#8221; qode_css_animation=&#8221;element_from_left&#8221;][\/vc_column_inner][vc_column_inner width=&#8221;1\/4&#8243; css=&#8221;.vc_custom_1683759517721{padding-right: 0px !important;padding-left: 0px !important;}&#8221;][vc_empty_space][vc_single_image image=&#8221;769&#8243; img_size=&#8221;full&#8221; alignment=&#8221;center&#8221; style=&#8221;vc_box_rounded&#8221; qode_css_animation=&#8221;element_from_right&#8221;][\/vc_column_inner][\/vc_row_inner][\/vc_column][\/vc_row]<\/p>\n<\/section>","protected":false},"excerpt":{"rendered":"<p>[vc_row css_animation=&#8221;&#8221; row_type=&#8221;row&#8221; use_row_as_full_screen_section=&#8221;no&#8221; type=&#8221;full_width&#8221; angled_section=&#8221;no&#8221; text_align=&#8221;left&#8221; background_image_as_pattern=&#8221;without_pattern&#8221;][vc_column css=&#8221;.vc_custom_1771441419058{margin-top: -32px !important;}&#8221; offset=&#8221;vc_hidden-sm vc_hidden-xs&#8221;][vc_raw_html]JTNDdmlkZW8lMjBhdXRvcGxheSUzRCUyMnRydWUlMjIlMjBsb29wJTNEJTIydHJ1ZSUyMiUyMG11dGVkJTNEJTIydHJ1ZSUyMiUyMHdpZHRoJTNEJTIyMTAwJTI1JTIyJTIwaGVpZ2h0JTNEJTIyMjUlMjUlMjIlMjBwbGF5c2lubGluZSUzRCUyMiUyMiUzRSUwQSUzQ3NvdXJjZSUyMHNyYyUzRCUyMmh0dHAlM0ElMkYlMkZicmFzaWxsaWtlLmNvbS5iciUyRmNhbXBhbmhhJTJGd3AtY29udGVudCUyRnVwbG9hZHMlMkZzaXRlcyUyRjclMkYyMDI2JTJGMDIlMkYwMl8yNi1CUkFTSUxMSUtFLUJhbm5lckhPTUUtMS5tcDQlMjIlMjB0eXBlJTNEJTIydmlkZW8lMkZtcDQlMjIlM0UlMEElM0MlMkZ2aWRlbyUzRQ==[\/vc_raw_html][\/vc_column][\/vc_row][vc_row css_animation=&#8221;&#8221; row_type=&#8221;row&#8221; use_row_as_full_screen_section=&#8221;no&#8221; type=&#8221;full_width&#8221; angled_section=&#8221;no&#8221; text_align=&#8221;left&#8221; background_image_as_pattern=&#8221;without_pattern&#8221;][vc_column css=&#8221;.vc_custom_1771441432815{margin-top: -32px !important;}&#8221; offset=&#8221;vc_hidden-lg vc_hidden-md&#8221;][vc_raw_html]JTNDdmlkZW8lMjBhdXRvcGxheSUzRCUyMnRydWUlMjIlMjBsb29wJTNEJTIydHJ1ZSUyMiUyMG11dGVkJTNEJTIydHJ1ZSUyMiUyMHdpZHRoJTNEJTIyMTAwJTI1JTIyJTIwaGVpZ2h0JTNEJTIyMjUlMjUlMjIlMjBwbGF5c2lubGluZSUzRCUyMiUyMiUzRSUwQSUzQ3NvdXJjZSUyMHNyYyUzRCUyMmh0dHAlM0ElMkYlMkZicmFzaWxsaWtlLmNvbS5iciUyRmNhbXBhbmhhJTJGd3AtY29udGVudCUyRnVwbG9hZHMlMkZzaXRlcyUyRjclMkYyMDI2JTJGMDIlMkYwMl8yNS1CUkFTSUxMSUtFLUJhbm5lck1vYmlsZS0xLm1wNCUyMiUyMHR5cGUlM0QlMjJ2aWRlbyUyRm1wNCUyMiUzRSUwQSUzQyUyRnZpZGVvJTNF[\/vc_raw_html][\/vc_column][\/vc_row][vc_row css_animation=&#8221;&#8221; row_type=&#8221;row&#8221; use_row_as_full_screen_section=&#8221;no&#8221; type=&#8221;grid&#8221; angled_section=&#8221;no&#8221; text_align=&#8221;center&#8221; background_image_as_pattern=&#8221;without_pattern&#8221; z_index=&#8221;&#8221;][vc_column width=&#8221;1\/4&#8243; el_class=&#8221;coluna-planos&#8221; css=&#8221;.vc_custom_1734707146647{background-color: #ffffff !important;border-radius: 15px !important;}&#8221;][vc_row_inner row_type=&#8221;row&#8221; type=&#8221;full_width&#8221; text_align=&#8221;left&#8221; css_animation=&#8221;&#8221;][vc_column_inner width=&#8221;1\/2&#8243;][vc_column_text]&#8230;<\/p>\n","protected":false},"author":1,"featured_media":0,"parent":0,"menu_order":0,"comment_status":"closed","ping_status":"closed","template":"full_width.php","meta":{"_joinchat":[],"footnotes":""},"class_list":["post-215","page","type-page","status-publish","hentry"],"_links":{"self":[{"href":"https:\/\/brasillike.com.br\/sao-goncalo-do-sapucai\/wp-json\/wp\/v2\/pages\/215","targetHints":{"allow":["GET"]}}],"collection":[{"href":"https:\/\/brasillike.com.br\/sao-goncalo-do-sapucai\/wp-json\/wp\/v2\/pages"}],"about":[{"href":"https:\/\/brasillike.com.br\/sao-goncalo-do-sapucai\/wp-json\/wp\/v2\/types\/page"}],"author":[{"embeddable":true,"href":"https:\/\/brasillike.com.br\/sao-goncalo-do-sapucai\/wp-json\/wp\/v2\/users\/1"}],"replies":[{"embeddable":true,"href":"https:\/\/brasillike.com.br\/sao-goncalo-do-sapucai\/wp-json\/wp\/v2\/comments?post=215"}],"version-history":[{"count":26,"href":"https:\/\/brasillike.com.br\/sao-goncalo-do-sapucai\/wp-json\/wp\/v2\/pages\/215\/revisions"}],"predecessor-version":[{"id":6457,"href":"https:\/\/brasillike.com.br\/sao-goncalo-do-sapucai\/wp-json\/wp\/v2\/pages\/215\/revisions\/6457"}],"wp:attachment":[{"href":"https:\/\/brasillike.com.br\/sao-goncalo-do-sapucai\/wp-json\/wp\/v2\/media?parent=215"}],"curies":[{"name":"wp","href":"https:\/\/api.w.org\/{rel}","templated":true}]}}